{"id":32328,"date":"2024-05-21T00:07:03","date_gmt":"2024-05-20T22:07:03","guid":{"rendered":"http:\/\/huberpower.com\/wordpress\/?page_id=32328"},"modified":"2024-05-21T00:10:48","modified_gmt":"2024-05-20T22:10:48","slug":"informieren-dokumentieren","status":"publish","type":"page","link":"https:\/\/huberpower.com\/wordpress\/?page_id=32328","title":{"rendered":"INFORMIEREN &amp; DOKUMENTIEREN"},"content":{"rendered":"\n<p class=\"wp-block-paragraph\"><strong>Wo immer ein Mensch mit wachem Geist am Wasser steht, sollte er eine &#8222;Beobachtungsstation&#8220; sein. \u201eOrte und Stellen\u201c gibt es zahllose, und nur wenn Beobachtungen von vielen an vielen Punkten gemacht werden, kann ein einigerma\u00dfen richtiges und umfassendes Bild des Geschehens an den Gew\u00e4ssern gewonnen werden.<\/strong><\/p>\n\n\n\n<h2 class=\"wp-block-heading\">Archivs f\u00fcr fischereiliche und gew\u00e4sserkundliche Beobachtungen<\/h2>\n\n\n\n<p class=\"wp-block-paragraph\">Den Beobachtungen haben einen bleibenden Wert und um eine Breitenwirkung zu verleihen, in dem<br \/>sie gesammelt und allgemein zug\u00e4nglich festgehalten werden, ist eine der Hauptaufgaben von:<\/p>\n\n\n\n<p class=\"has-text-align-center has-large-font-size wp-block-paragraph\">www.huberpower.com<\/p>\n\n\n\n<figure class=\"wp-block-image size-large\"><img loading=\"lazy\" decoding=\"async\" width=\"1024\" height=\"493\" src=\"https:\/\/huberpower.com\/wordpress\/wp-content\/uploads\/2024\/05\/image-38-1024x493.png\" alt=\"\" class=\"wp-image-32329\" srcset=\"https:\/\/huberpower.com\/wordpress\/wp-content\/uploads\/2024\/05\/image-38-1024x493.png 1024w, https:\/\/huberpower.com\/wordpress\/wp-content\/uploads\/2024\/05\/image-38-450x217.png 450w, https:\/\/huberpower.com\/wordpress\/wp-content\/uploads\/2024\/05\/image-38.png 1215w\" sizes=\"auto, (max-width: 1024px) 100vw, 1024px\" \/><figcaption class=\"wp-element-caption\">Jede Beobachtung ist wichtig und viele Augen sehen mehr &#8230;.<\/figcaption><\/figure>\n\n\n\n<p class=\"wp-block-paragraph\"><strong><mark style=\"background-color:rgba(0, 0, 0, 0)\" class=\"has-inline-color has-luminous-vivid-orange-color\">Viele Informationen, die sich an unseren Gew\u00e4ssern im Salzkammergut abspielen und sich um den &#8222;Fische&#8220; drehen, deren Verhalten und Gewohnheiten beim Laichen, als Br\u00fctling oder auch als Kapitaler, ob Sonnenschein oder Sturm, ob Niederwasser oder Hochwasser und vor allem Eingriff von Industrie und Technik sind m\u00e4chtigen Beeinflusser unser Fischlebensr\u00e4ume. Je mehr sich Beteiligung, umso reicher der Gewinn f\u00fcr jeden einzelnen und f\u00fcr unsere gemeinsame Sache, von der wir stolz sind zu sagen, dass sie sowohl der Mehrung der menschlichen Erkenntnis als auch dem wirtschaftlich &#8211; sozialen Leben unserer Gemeinschaft dient.<\/mark><\/strong><\/p>\n\n\n\n<h2 class=\"wp-block-heading\">Informationen senden an<\/h2>\n\n\n\n<figure class=\"wp-block-image size-full\"><img loading=\"lazy\" decoding=\"async\" width=\"969\" height=\"560\" src=\"https:\/\/huberpower.com\/wordpress\/wp-content\/uploads\/2024\/05\/image-39.png\" alt=\"\" class=\"wp-image-32330\" srcset=\"https:\/\/huberpower.com\/wordpress\/wp-content\/uploads\/2024\/05\/image-39.png 969w, https:\/\/huberpower.com\/wordpress\/wp-content\/uploads\/2024\/05\/image-39-450x260.png 450w, https:\/\/huberpower.com\/wordpress\/wp-content\/uploads\/2024\/05\/image-39-305x175.png 305w\" sizes=\"auto, (max-width: 969px) 100vw, 969px\" \/><\/figure>\n","protected":false},"excerpt":{"rendered":"<p>Wo immer ein Mensch mit wachem Geist am Wasser steht, sollte er eine &#8222;Beobachtungsstation&#8220; sein. \u201eOrte und Stellen\u201c gibt es zahllose, und nur wenn Beobachtungen von vielen an vielen Punkten&#8230; <a class=\"read-more\" href=\"https:\/\/huberpower.com\/wordpress\/?page_id=32328\">[Weiterlesen]<\/a><\/p>\n","protected":false},"author":4,"featured_media":0,"parent":0,"menu_order":0,"comment_status":"closed","ping_status":"closed","template":"","meta":{"_crdt_document":"","footnotes":""},"class_list":["post-32328","page","type-page","status-publish","hentry","no-post-thumbnail"],"_links":{"self":[{"href":"https:\/\/huberpower.com\/wordpress\/index.php?rest_route=\/wp\/v2\/pages\/32328","targetHints":{"allow":["GET"]}}],"collection":[{"href":"https:\/\/huberpower.com\/wordpress\/index.php?rest_route=\/wp\/v2\/pages"}],"about":[{"href":"https:\/\/huberpower.com\/wordpress\/index.php?rest_route=\/wp\/v2\/types\/page"}],"author":[{"embeddable":true,"href":"https:\/\/huberpower.com\/wordpress\/index.php?rest_route=\/wp\/v2\/users\/4"}],"replies":[{"embeddable":true,"href":"https:\/\/huberpower.com\/wordpress\/index.php?rest_route=%2Fwp%2Fv2%2Fcomments&post=32328"}],"version-history":[{"count":2,"href":"https:\/\/huberpower.com\/wordpress\/index.php?rest_route=\/wp\/v2\/pages\/32328\/revisions"}],"predecessor-version":[{"id":32334,"href":"https:\/\/huberpower.com\/wordpress\/index.php?rest_route=\/wp\/v2\/pages\/32328\/revisions\/32334"}],"wp:attachment":[{"href":"https:\/\/huberpower.com\/wordpress\/index.php?rest_route=%2Fwp%2Fv2%2Fmedia&parent=32328"}],"curies":[{"name":"wp","href":"https:\/\/api.w.org\/{rel}","templated":true}]}}