{"id":27273,"date":"2024-07-08T10:32:42","date_gmt":"2024-07-08T08:32:42","guid":{"rendered":"http:\/\/huberpower.com\/wordpress\/?page_id=27273"},"modified":"2024-07-08T10:38:05","modified_gmt":"2024-07-08T08:38:05","slug":"offenlegung-unserer-web-seite","status":"publish","type":"page","link":"https:\/\/huberpower.com\/wordpress\/?page_id=27273","title":{"rendered":"OFFENLEGUNG UNSERER WEB SEITE"},"content":{"rendered":"\n<p class=\"wp-block-paragraph\">Die folgenden Aussagen sollen den Vorschriften der Federal Trade Commission entsprechen.<\/p>\n\n\n\n<p class=\"wp-block-paragraph\">1. www.huberpower.com postet nichts, was wir nicht f\u00fcr wahr halten.<\/p>\n\n\n\n<p class=\"wp-block-paragraph\">2. www.huberpower.com ver\u00f6ffentlicht Produktbewertungen und bewertet kein Produkt positiv, das seiner Meinung nach einer positiven Bewertung nicht w\u00fcrdig ist.\u00a0Um eine Besch\u00e4digung der Beziehungen innerhalb der Fliegenfischerbranche zu vermeiden, ver\u00f6ffentlichen wir keine Bewertungen f\u00fcr Produkte, die uns nicht gefallen.\u00a0<\/p>\n\n\n\n<p class=\"wp-block-paragraph\">3. www.huberpower.com ver\u00f6ffentlicht h\u00e4ufig positive Aussagen \u00fcber Fliegenfischer, Gew\u00e4sser und Renaturierungsma\u00dfnahmen.\u00a0Wir ver\u00f6ffentlichen jedoch nichts, von dem wir nicht glauben, dass es wahr ist.<\/p>\n\n\n\n<p class=\"wp-block-paragraph\">4. Bewirtschafter, P\u00e4chter und die Fliegenfischerbranche ist ein kleines Netzwerk von Fachleuten.\u00a0Daher ist es unvermeidlich, dass wir oft \u00fcber Freunde oder Unternehmen aus der Branche posten, von denen wir nichts ver\u00f6ffentlichen, von dem wir nicht glauben, dass es wahr ist.<\/p>\n\n\n\n<figure class=\"wp-block-image size-full\"><img loading=\"lazy\" decoding=\"async\" width=\"935\" height=\"527\" src=\"https:\/\/huberpower.com\/wordpress\/wp-content\/uploads\/2020\/03\/image-41.png\" alt=\"Heimo bei der Arbeit\" class=\"wp-image-11559\" srcset=\"https:\/\/huberpower.com\/wordpress\/wp-content\/uploads\/2020\/03\/image-41.png 935w, https:\/\/huberpower.com\/wordpress\/wp-content\/uploads\/2020\/03\/image-41-680x383.png 680w, https:\/\/huberpower.com\/wordpress\/wp-content\/uploads\/2020\/03\/image-41-450x254.png 450w\" sizes=\"auto, (max-width: 935px) 100vw, 935px\" \/><figcaption class=\"wp-element-caption\">Artikel ist in Arbeit<\/figcaption><\/figure>\n","protected":false},"excerpt":{"rendered":"<p>Die folgenden Aussagen sollen den Vorschriften der Federal Trade Commission entsprechen. 1. www.huberpower.com postet nichts, was wir nicht f\u00fcr wahr halten. 2. www.huberpower.com ver\u00f6ffentlicht Produktbewertungen und bewertet kein Produkt positiv,&#8230; <a class=\"read-more\" href=\"https:\/\/huberpower.com\/wordpress\/?page_id=27273\">[Weiterlesen]<\/a><\/p>\n","protected":false},"author":4,"featured_media":0,"parent":0,"menu_order":0,"comment_status":"closed","ping_status":"closed","template":"","meta":{"_crdt_document":"","footnotes":""},"class_list":["post-27273","page","type-page","status-publish","hentry","no-post-thumbnail"],"_links":{"self":[{"href":"https:\/\/huberpower.com\/wordpress\/index.php?rest_route=\/wp\/v2\/pages\/27273","targetHints":{"allow":["GET"]}}],"collection":[{"href":"https:\/\/huberpower.com\/wordpress\/index.php?rest_route=\/wp\/v2\/pages"}],"about":[{"href":"https:\/\/huberpower.com\/wordpress\/index.php?rest_route=\/wp\/v2\/types\/page"}],"author":[{"embeddable":true,"href":"https:\/\/huberpower.com\/wordpress\/index.php?rest_route=\/wp\/v2\/users\/4"}],"replies":[{"embeddable":true,"href":"https:\/\/huberpower.com\/wordpress\/index.php?rest_route=%2Fwp%2Fv2%2Fcomments&post=27273"}],"version-history":[{"count":2,"href":"https:\/\/huberpower.com\/wordpress\/index.php?rest_route=\/wp\/v2\/pages\/27273\/revisions"}],"predecessor-version":[{"id":32735,"href":"https:\/\/huberpower.com\/wordpress\/index.php?rest_route=\/wp\/v2\/pages\/27273\/revisions\/32735"}],"wp:attachment":[{"href":"https:\/\/huberpower.com\/wordpress\/index.php?rest_route=%2Fwp%2Fv2%2Fmedia&parent=27273"}],"curies":[{"name":"wp","href":"https:\/\/api.w.org\/{rel}","templated":true}]}}