{"id":25562,"date":"2023-06-03T01:24:43","date_gmt":"2023-06-02T23:24:43","guid":{"rendered":"http:\/\/huberpower.com\/wordpress\/?page_id=25562"},"modified":"2025-07-21T16:09:23","modified_gmt":"2025-07-21T14:09:23","slug":"zertifizierte-elektrofischer","status":"publish","type":"page","link":"https:\/\/huberpower.com\/wordpress\/?page_id=25562","title":{"rendered":"ELEKTROFISCHEN-SERVICES"},"content":{"rendered":"\n<p class=\"wp-block-paragraph\">Vom <strong><mark style=\"background-color:rgba(0, 0, 0, 0)\" class=\"has-inline-color has-luminous-vivid-orange-color\">Fischereimanagement Salzkammergut<\/mark><\/strong> (FMSKG) werden Hegebefischungen, Notabfischungen und Fischumsiedelungen bei wasserbaulichen Projekten durch Elektrobefischung durchgef\u00fchrt. Weiters bieten wir Fischtransporte und Fischereiberatungen an. Wir sind ein Dienstleister im <strong><mark style=\"background-color:rgba(0, 0, 0, 0)\" class=\"has-inline-color has-vivid-green-cyan-color\">Fischereirevier Oberes Salzkammergut <\/mark><\/strong>(FROSKG) f\u00fcr alle Gew\u00e4sserbewirtschafter, Beh\u00f6rden und Kommunen, Planungs- und Gutachterb\u00fcros, Privatfirmen sowie Naturschutzverb\u00e4nde und Fischereivereine. <\/p>\n\n\n\n<figure class=\"wp-block-image size-large\"><img loading=\"lazy\" decoding=\"async\" width=\"1024\" height=\"244\" src=\"https:\/\/huberpower.com\/wordpress\/wp-content\/uploads\/2023\/05\/image-23-1024x244.png\" alt=\"\" class=\"wp-image-25493\" srcset=\"https:\/\/huberpower.com\/wordpress\/wp-content\/uploads\/2023\/05\/image-23-1024x244.png 1024w, https:\/\/huberpower.com\/wordpress\/wp-content\/uploads\/2023\/05\/image-23-450x107.png 450w, https:\/\/huberpower.com\/wordpress\/wp-content\/uploads\/2023\/05\/image-23.png 1175w\" sizes=\"auto, (max-width: 1024px) 100vw, 1024px\" \/><\/figure>\n\n\n\n<p class=\"wp-block-paragraph\">Unser Schwerpunkt liegt dabei in geografischen Umfeld der Gew\u00e4ssern vom<strong> <mark style=\"background-color:rgba(0, 0, 0, 0)\" class=\"has-inline-color has-vivid-green-cyan-color\">Fischereirevier Oberes Salzkammergut <\/mark><\/strong>(FROSKG). F\u00fcr diese Gew\u00e4sser haben wir auch entsprechende Genehmigungen f\u00fcr Notabfischungen- und Baustellenabfischungen.<\/p>\n\n\n\n\n\n<h2 class=\"wp-block-heading\"><strong>Fischrettungen<\/strong><\/h2>\n\n\n\n<p class=\"wp-block-paragraph\">Unsere Teams verf\u00fcgen \u00fcber Erfahrung im Ausfischen, Entfernen und Umsiedeln von Fischen im Rahmen von Wasserbauarbeiten, Bauprojekten, Infrastrukturreparaturen und -Wartungen sowie Sanierungsprojekten. Wir entwickeln Rettungspl\u00e4ne, die den Bed\u00fcrfnissen unserer Kunden entsprechen und geborgene Fische sicher und in gutem Zustand einfangen und wieder freilassen. Zu den Methoden geh\u00f6ren Elektrofischerei, Reusen oder Handnetze und k\u00f6nnen sowohl an mittlere Gew\u00e4ssergr\u00f6\u00dfen als auch kleine Projekte, mit beengte R\u00e4umen, Werkskan\u00e4le, FWH oder auch an aktiven Baustellen angepasst werden.<\/p>\n\n\n\n<figure class=\"wp-block-image size-large\"><img loading=\"lazy\" decoding=\"async\" width=\"1024\" height=\"481\" src=\"https:\/\/huberpower.com\/wordpress\/wp-content\/uploads\/2023\/06\/image-1024x481.png\" alt=\"\" class=\"wp-image-25563\" srcset=\"https:\/\/huberpower.com\/wordpress\/wp-content\/uploads\/2023\/06\/image-1024x481.png 1024w, https:\/\/huberpower.com\/wordpress\/wp-content\/uploads\/2023\/06\/image-450x212.png 450w, https:\/\/huberpower.com\/wordpress\/wp-content\/uploads\/2023\/06\/image-1536x722.png 1536w, https:\/\/huberpower.com\/wordpress\/wp-content\/uploads\/2023\/06\/image.png 1674w\" sizes=\"auto, (max-width: 1024px) 100vw, 1024px\" \/><\/figure>\n\n\n\n<p class=\"wp-block-paragraph\">Mit Hilfe der Elektrofischerei ist es m\u00f6glich, Fischbest\u00e4nde so schonend wie m\u00f6glich zu hegen, zu pflegen und zu entnehmen. Hier eine kurze Beschreibung der unterschiedlichen Aufgabengebiete.<br \/>F\u00fcr folgende Zwecke wird die Elektrofischerei am h\u00e4ufigsten verwendet:<\/p>\n\n\n\n<h2 class=\"wp-block-heading\">Baustellenbefischung<\/h2>\n\n\n\n<figure class=\"wp-block-image size-large\"><img loading=\"lazy\" decoding=\"async\" width=\"1024\" height=\"559\" src=\"https:\/\/huberpower.com\/wordpress\/wp-content\/uploads\/2023\/05\/image-27-1024x559.png\" alt=\"\" class=\"wp-image-25507\" srcset=\"https:\/\/huberpower.com\/wordpress\/wp-content\/uploads\/2023\/05\/image-27-1024x559.png 1024w, https:\/\/huberpower.com\/wordpress\/wp-content\/uploads\/2023\/05\/image-27-450x246.png 450w, https:\/\/huberpower.com\/wordpress\/wp-content\/uploads\/2023\/05\/image-27.png 1363w\" sizes=\"auto, (max-width: 1024px) 100vw, 1024px\" \/><\/figure>\n\n\n\n<p class=\"wp-block-paragraph\">Zur Rettung des Fischbestandes aus Gew\u00e4ssern, die vor\u00fcbergehend oder dauerhaft trockengelegt werden sollen. Hegebefischungen und Fischumsiedelungen an wasserbaulichen Projekten. Bei einer Abfischung werden einem Gew\u00e4sser alle Fische entnommen. Dieses ist nur in kleineren, absperrbaren Gew\u00e4ssern m\u00f6glich. Entnommene Tiere werden hierbei dem Gew\u00e4sser in sicheren Bereichen wieder zugef\u00fchrt. Die fischereirechtliche Absprache mit dem Fischereirechtsinhaber wickeln wir gerne f\u00fcr Sie ab.<\/p>\n\n\n\n<h2 class=\"wp-block-heading\">Abfischen von Werkskan\u00e4len<\/h2>\n\n\n\n<figure class=\"wp-block-image size-large\"><img loading=\"lazy\" decoding=\"async\" width=\"1024\" height=\"381\" src=\"https:\/\/huberpower.com\/wordpress\/wp-content\/uploads\/2023\/05\/image-28-1024x381.png\" alt=\"\" class=\"wp-image-25518\" srcset=\"https:\/\/huberpower.com\/wordpress\/wp-content\/uploads\/2023\/05\/image-28-1024x381.png 1024w, https:\/\/huberpower.com\/wordpress\/wp-content\/uploads\/2023\/05\/image-28-450x167.png 450w, https:\/\/huberpower.com\/wordpress\/wp-content\/uploads\/2023\/05\/image-28.png 1113w\" sizes=\"auto, (max-width: 1024px) 100vw, 1024px\" \/><\/figure>\n\n\n\n<p class=\"wp-block-paragraph\">Auch k\u00fcnstliche Wasserl\u00e4ufe die eigentlich nur technische Bewandtnis haben werden h\u00e4ufig zum Lebensraum einiger Fischarten. Bei Wartung- und Instandsetzung Arbeiten m\u00fcssen diese entnommen werden. Schon im Vorfeld werden neue nat\u00fcrliche Lebensr\u00e4ume gefunden um den artgerechten Transport schonend und stressfrei zu bew\u00e4ltigen.<\/p>\n\n\n\n<figure class=\"wp-block-image size-large\"><img loading=\"lazy\" decoding=\"async\" width=\"1024\" height=\"489\" src=\"https:\/\/huberpower.com\/wordpress\/wp-content\/uploads\/2023\/06\/image-5-1024x489.png\" alt=\"\" class=\"wp-image-25590\" srcset=\"https:\/\/huberpower.com\/wordpress\/wp-content\/uploads\/2023\/06\/image-5-1024x489.png 1024w, https:\/\/huberpower.com\/wordpress\/wp-content\/uploads\/2023\/06\/image-5-450x215.png 450w, https:\/\/huberpower.com\/wordpress\/wp-content\/uploads\/2023\/06\/image-5-1536x734.png 1536w, https:\/\/huberpower.com\/wordpress\/wp-content\/uploads\/2023\/06\/image-5.png 1680w\" sizes=\"auto, (max-width: 1024px) 100vw, 1024px\" \/><\/figure>\n\n\n\n<h2 class=\"wp-block-heading\">Gesetzliche Situation zu Baustellen- und Werkskanalabfischungen <\/h2>\n\n\n\n<p class=\"wp-block-paragraph\"><strong>In Ober\u00f6sterreich ist dies durch das O\u00d6. Fischereigesetz wie folgt geregelt:<\/strong><\/p>\n\n\n\n<p class=\"has-medium-font-size wp-block-paragraph\"><strong><mark style=\"background-color:rgba(0, 0, 0, 0)\" class=\"has-inline-color has-luminous-vivid-orange-color\">\u00a7 28 Wasserkraft- und Stauanlagen<\/mark><\/strong><\/p>\n\n\n\n<p class=\"wp-block-paragraph\">(1) Die bzw. der Verf\u00fcgungsberechtigte hat den Bewirtschafter der betroffenen Fischw\u00e4sser von Ma\u00dfnahmen an Wasserkraft- und Stauanlagen, die &#8211; abgesehen von den dem laufenden Betrieb eigent\u00fcmlichen Schwankungen &#8211; \u00c4nderungen der Wasserf\u00fchrung von Fischw\u00e4ssern bewirken k\u00f6nnen und von der Reinigung der Triebwerke von Wasserkraftanlagen sowie der Wartung und Sanierung von Fischwanderhilfen <strong><mark style=\"background-color:rgba(0, 0, 0, 0)\" class=\"has-inline-color has-luminous-vivid-orange-color\">wenigstens zwei Wochen vorher, bei Gefahr im Verzug ohne unn\u00f6tigen Aufschub, nachweislich unter Bekanntgabe des voraussichtlichen Beginns und der voraussichtlichen Dauer, der Art und des Umfangs der Ma\u00dfnahme zu verst\u00e4ndigen.<\/mark><\/strong> Die Bewirtschafter sind \u00fcberdies in geeigneter Weise vom tats\u00e4chlichen Beginn und von der tats\u00e4chlichen Beendigung der Ma\u00dfnahme zu benachrichtigen.<\/p>\n\n\n\n<figure class=\"wp-block-image size-large\"><img loading=\"lazy\" decoding=\"async\" width=\"1024\" height=\"543\" src=\"https:\/\/huberpower.com\/wordpress\/wp-content\/uploads\/2025\/07\/Jeep_Fischtransport_Notabfischung_010-1024x543.jpg\" alt=\"\" class=\"wp-image-39057\" srcset=\"https:\/\/huberpower.com\/wordpress\/wp-content\/uploads\/2025\/07\/Jeep_Fischtransport_Notabfischung_010-1024x543.jpg 1024w, https:\/\/huberpower.com\/wordpress\/wp-content\/uploads\/2025\/07\/Jeep_Fischtransport_Notabfischung_010-450x239.jpg 450w, https:\/\/huberpower.com\/wordpress\/wp-content\/uploads\/2025\/07\/Jeep_Fischtransport_Notabfischung_010-1536x814.jpg 1536w, https:\/\/huberpower.com\/wordpress\/wp-content\/uploads\/2025\/07\/Jeep_Fischtransport_Notabfischung_010-360x191.jpg 360w, https:\/\/huberpower.com\/wordpress\/wp-content\/uploads\/2025\/07\/Jeep_Fischtransport_Notabfischung_010.jpg 1579w\" sizes=\"auto, (max-width: 1024px) 100vw, 1024px\" \/><\/figure>\n\n\n\n<p class=\"wp-block-paragraph\">(2) Die Bewirtschafter sind nach Ma\u00dfgabe rechtskr\u00e4ftiger beh\u00f6rdlicher Vorschreibungen \u00fcber den Betrieb der Anlage oder beh\u00f6rdlich anerkannter Betriebsordnungen berechtigt, die Durchf\u00fchrung der Ma\u00dfnahmen nach Abs. 1 zu beobachten und die erforderlichen Ausk\u00fcnfte \u00fcber diese zu verlangen. Die Verf\u00fcgungsberechtigten haben das Betreten der Anlagen zum Zweck der Beobachtung zu dulden und die verlangten Ausk\u00fcnfte zu erteilen. Die von dem Bewirtschafter zum Schutz des Fischbestands durchzuf\u00fchrenden Vorkehrungen d\u00fcrfen nicht behindert werden. Auf Antrag der Beteiligten hat die Beh\u00f6rde Art und Umfang dieser Verpflichtungen festzulegen.<br \/>(3) Verletzen die Verf\u00fcgungsberechtigten die ihnen in den Abs. 1 und 2 auferlegten Verpflichtungen, so haften sie dem Bewirtschafter f\u00fcr den dadurch entstandenen Schaden.<\/p>\n\n\n\n<h2 class=\"wp-block-heading\">Bestandserfassung<\/h2>\n\n\n\n<figure class=\"wp-block-image size-large\"><img loading=\"lazy\" decoding=\"async\" width=\"1024\" height=\"199\" src=\"https:\/\/huberpower.com\/wordpress\/wp-content\/uploads\/2023\/06\/image-2-1024x199.png\" alt=\"\" class=\"wp-image-25569\" srcset=\"https:\/\/huberpower.com\/wordpress\/wp-content\/uploads\/2023\/06\/image-2-1024x199.png 1024w, https:\/\/huberpower.com\/wordpress\/wp-content\/uploads\/2023\/06\/image-2-450x87.png 450w, https:\/\/huberpower.com\/wordpress\/wp-content\/uploads\/2023\/06\/image-2-1536x298.png 1536w, https:\/\/huberpower.com\/wordpress\/wp-content\/uploads\/2023\/06\/image-2.png 1671w\" sizes=\"auto, (max-width: 1024px) 100vw, 1024px\" \/><\/figure>\n\n\n\n<p class=\"wp-block-paragraph\">&#8230; f\u00fcr wissenschaftliche&nbsp;Zwecke beispielsweise&nbsp;Fischbestandsanalysen und Erstellung von Fischartenkatastern. \u200bElektrofischen erm\u00f6glicht es, Fischbest\u00e4nde schnell und schonend zu erfassen und zu untersuchen. Hiervon ausgehend lassen sich weitere Ma\u00dfnahmen f\u00fcr das Gew\u00e4sser und Besatz Empfehlungen erstellen. Erhalten Sie die Biodiversit\u00e4t Ihres Gew\u00e4ssers und pr\u00fcfen die nat\u00fcrliche Reproduktion in Ihrem Fischbestand mittels der Elektrofischerei. Hier arbeiten wir Vorzugsweise mit Partnerunternehmen zusammen.<\/p>\n\n\n\n<figure class=\"wp-block-embed is-type-wp-embed is-provider-fischereimanagement-salzkammergut wp-block-embed-fischereimanagement-salzkammergut\"><div class=\"wp-block-embed__wrapper\">\n<blockquote class=\"wp-embedded-content\" data-secret=\"oPL64vaM5U\"><a href=\"https:\/\/huberpower.com\/wordpress\/?p=9714\">STRICHERL-LISTE VS. METHODIK<\/a><\/blockquote><iframe loading=\"lazy\" class=\"wp-embedded-content\" sandbox=\"allow-scripts\" security=\"restricted\" style=\"position: absolute; visibility: hidden;\" title=\"&#8222;STRICHERL-LISTE VS. METHODIK&#8220; &#8212; Fischereimanagement Salzkammergut\" src=\"https:\/\/huberpower.com\/wordpress\/?p=9714&#038;embed=true#?secret=h6bRGJ4S4t#?secret=oPL64vaM5U\" data-secret=\"oPL64vaM5U\" width=\"600\" height=\"338\" frameborder=\"0\" marginwidth=\"0\" marginheight=\"0\" scrolling=\"no\"><\/iframe>\n<\/div><\/figure>\n\n\n\n<h2 class=\"wp-block-heading\">Fang von Laichfischen<\/h2>\n\n\n\n<figure class=\"wp-block-image size-large\"><img loading=\"lazy\" decoding=\"async\" width=\"1024\" height=\"288\" src=\"https:\/\/huberpower.com\/wordpress\/wp-content\/uploads\/2023\/06\/image-3-1024x288.png\" alt=\"\" class=\"wp-image-25574\" srcset=\"https:\/\/huberpower.com\/wordpress\/wp-content\/uploads\/2023\/06\/image-3-1024x288.png 1024w, https:\/\/huberpower.com\/wordpress\/wp-content\/uploads\/2023\/06\/image-3-450x126.png 450w, https:\/\/huberpower.com\/wordpress\/wp-content\/uploads\/2023\/06\/image-3-1536x431.png 1536w, https:\/\/huberpower.com\/wordpress\/wp-content\/uploads\/2023\/06\/image-3.png 1674w\" sizes=\"auto, (max-width: 1024px) 100vw, 1024px\" \/><\/figure>\n\n\n\n<p class=\"wp-block-paragraph\">Die Entnahme adulter Tiere unmittelbar vor deren Laichzeit ist Mittel erster Wahl, wenn aus heimischen Best\u00e4nden k\u00fcnstlich vermehrt werden soll. Steigern Sie den Ertrag Ihrer Population und erhalten somit die regional angepassten St\u00e4mme. Auch ein Umsetzen in geeignete Laichgebiete ist m\u00f6glich, sollte die Gew\u00e4sserdurchg\u00e4ngigkeit nicht gegeben sein, was beispielsweise Salmoniden am Aufstieg im Gew\u00e4sser hindert.&nbsp;<\/p>\n\n\n\n<figure class=\"wp-block-embed is-type-wp-embed is-provider-fischereimanagement-salzkammergut wp-block-embed-fischereimanagement-salzkammergut\"><div class=\"wp-block-embed__wrapper\">\n<blockquote class=\"wp-embedded-content\" data-secret=\"WoUFkgX9Ur\"><a href=\"https:\/\/huberpower.com\/wordpress\/?p=16753\">S\u00c4EEP &#8211; \u00c4SCHEN PROJEKT UPDATE 2021<\/a><\/blockquote><iframe loading=\"lazy\" class=\"wp-embedded-content\" sandbox=\"allow-scripts\" security=\"restricted\" style=\"position: absolute; visibility: hidden;\" title=\"&#8222;S\u00c4EEP &#8211; \u00c4SCHEN PROJEKT UPDATE 2021&#8220; &#8212; Fischereimanagement Salzkammergut\" src=\"https:\/\/huberpower.com\/wordpress\/?p=16753&#038;embed=true#?secret=sHxdKN11yq#?secret=WoUFkgX9Ur\" data-secret=\"WoUFkgX9Ur\" width=\"600\" height=\"338\" frameborder=\"0\" marginwidth=\"0\" marginheight=\"0\" scrolling=\"no\"><\/iframe>\n<\/div><\/figure>\n\n\n\n<h2 class=\"wp-block-heading\">Umsiedlung von Fischen&nbsp;<\/h2>\n\n\n\n<figure class=\"wp-block-image size-large\"><img loading=\"lazy\" decoding=\"async\" width=\"1024\" height=\"254\" src=\"https:\/\/huberpower.com\/wordpress\/wp-content\/uploads\/2023\/06\/image-1-1024x254.png\" alt=\"\" class=\"wp-image-25568\" srcset=\"https:\/\/huberpower.com\/wordpress\/wp-content\/uploads\/2023\/06\/image-1-1024x254.png 1024w, https:\/\/huberpower.com\/wordpress\/wp-content\/uploads\/2023\/06\/image-1-450x112.png 450w, https:\/\/huberpower.com\/wordpress\/wp-content\/uploads\/2023\/06\/image-1-1536x381.png 1536w, https:\/\/huberpower.com\/wordpress\/wp-content\/uploads\/2023\/06\/image-1.png 1669w\" sizes=\"auto, (max-width: 1024px) 100vw, 1024px\" \/><\/figure>\n\n\n\n<p class=\"wp-block-paragraph\">Umsiedlung von Fischen aus Teichen, durch starke Bedrohung oder durch unerw\u00fcnschte Ansiedelung von invasiven Fischarten. M\u00f6gliche Ursachen f\u00fcr ein Fischsterben sind Fischkrankheiten, Sauerstoffmangel oder Intoxikationen. Das Abfischen dieser bedrohten Gew\u00e4sser zur Rettung des Fischbestandes und der fachgerechte Abtransport kann von uns organisiert und durchgef\u00fchrt werden. Dabei achten wir nicht zuletzt auf die Einhaltung von Platz und Bewegungsfreiheit und Sauerstoffzufuhr w\u00e4hrend dem Transport.<\/p>\n\n\n\n<figure class=\"wp-block-embed is-type-wp-embed is-provider-fischereimanagement-salzkammergut wp-block-embed-fischereimanagement-salzkammergut\"><div class=\"wp-block-embed__wrapper\">\n<blockquote class=\"wp-embedded-content\" data-secret=\"VyCZaXqYeA\"><a href=\"https:\/\/huberpower.com\/wordpress\/?p=3825\">AKTION KALTENBACHTEICH 2013<\/a><\/blockquote><iframe loading=\"lazy\" class=\"wp-embedded-content\" sandbox=\"allow-scripts\" security=\"restricted\" style=\"position: absolute; visibility: hidden;\" title=\"&#8222;AKTION KALTENBACHTEICH 2013&#8220; &#8212; Fischereimanagement Salzkammergut\" src=\"https:\/\/huberpower.com\/wordpress\/?p=3825&#038;embed=true#?secret=ADiWUurzAM#?secret=VyCZaXqYeA\" data-secret=\"VyCZaXqYeA\" width=\"600\" height=\"338\" frameborder=\"0\" marginwidth=\"0\" marginheight=\"0\" scrolling=\"no\"><\/iframe>\n<\/div><\/figure>\n\n\n\n<h2 class=\"wp-block-heading\">Fischtransporte<\/h2>\n\n\n\n<figure class=\"wp-block-image size-large\"><img loading=\"lazy\" decoding=\"async\" width=\"1024\" height=\"287\" src=\"https:\/\/huberpower.com\/wordpress\/wp-content\/uploads\/2023\/05\/image-29-1024x287.png\" alt=\"\" class=\"wp-image-25533\" srcset=\"https:\/\/huberpower.com\/wordpress\/wp-content\/uploads\/2023\/05\/image-29-1024x287.png 1024w, https:\/\/huberpower.com\/wordpress\/wp-content\/uploads\/2023\/05\/image-29-450x126.png 450w, https:\/\/huberpower.com\/wordpress\/wp-content\/uploads\/2023\/05\/image-29-1536x431.png 1536w, https:\/\/huberpower.com\/wordpress\/wp-content\/uploads\/2023\/05\/image-29.png 1667w\" sizes=\"auto, (max-width: 1024px) 100vw, 1024px\" \/><\/figure>\n\n\n\n<p class=\"wp-block-paragraph\">Der Transport von Fischen stellt besondere Anforderungen an die Fische, Mensch und an die Ger\u00e4te. Und nur wer Diesen gerecht wird kann einen ordentlichen Ablauf gew\u00e4hrleisten. Modernste Ausr\u00fcstung, Messtechnik, Sauerstoffeinspeisung und jahrelange Erfahrung garantieren einen reibungslosen und tierschonenden Transport von lebenden Fischen.<\/p>\n\n\n\n<figure class=\"wp-block-embed is-type-wp-embed is-provider-fischereimanagement-salzkammergut wp-block-embed-fischereimanagement-salzkammergut\"><div class=\"wp-block-embed__wrapper\">\n<blockquote class=\"wp-embedded-content\" data-secret=\"DblblH5ilx\"><a href=\"https:\/\/huberpower.com\/wordpress\/?p=11780\">BR\u00dcTLINGE TRANSPORT &#8211; EQUIPMENT<\/a><\/blockquote><iframe loading=\"lazy\" class=\"wp-embedded-content\" sandbox=\"allow-scripts\" security=\"restricted\" style=\"position: absolute; visibility: hidden;\" title=\"&#8222;BR\u00dcTLINGE TRANSPORT &#8211; EQUIPMENT&#8220; &#8212; Fischereimanagement Salzkammergut\" src=\"https:\/\/huberpower.com\/wordpress\/?p=11780&#038;embed=true#?secret=DfRCEbr4Bk#?secret=DblblH5ilx\" data-secret=\"DblblH5ilx\" width=\"600\" height=\"338\" frameborder=\"0\" marginwidth=\"0\" marginheight=\"0\" scrolling=\"no\"><\/iframe>\n<\/div><\/figure>\n\n\n\n<h2 class=\"wp-block-heading\">Genehmigungsprozesse<\/h2>\n\n\n\n<p class=\"wp-block-paragraph\">Ermittlung von Machbarkeit, Aufwand, Methodik sowie fischereirechtliche Absprachen mit Verp\u00e4chter und Bewirtschafter, auch&nbsp;bez\u00fcglich Fischtransport und Wiedereinsatz ins Gew\u00e4sser geh\u00f6rt besprochen und geplant. Der Genehmigungsprozess mit der zust\u00e4ndigen Beh\u00f6rde, einschlie\u00dflich Erstellung von Kartenmaterial und einer Dokumentation zur Veranschaulichung der Ma\u00dfnahme erstellen wir. <strong><mark style=\"background-color:rgba(0, 0, 0, 0)\" class=\"has-inline-color has-luminous-vivid-orange-color\">Binden sie uns fr\u00fchzeitig bei Bauma\u00dfnahmen mit Eingriffen in die Gew\u00e4sserstruktur mit ein, wir erstellen gerne unser Angebot f\u00fcr diese Dienstleistungen.<\/mark><\/strong><\/p>\n\n\n\n<figure class=\"wp-block-embed is-type-wp-embed is-provider-fischereimanagement-salzkammergut wp-block-embed-fischereimanagement-salzkammergut\"><div class=\"wp-block-embed__wrapper\">\n<blockquote class=\"wp-embedded-content\" data-secret=\"mnZM98CY3f\"><a href=\"https:\/\/huberpower.com\/wordpress\/?page_id=15349\">NOTABFISCHPLAN<\/a><\/blockquote><iframe loading=\"lazy\" class=\"wp-embedded-content\" sandbox=\"allow-scripts\" security=\"restricted\" style=\"position: absolute; visibility: hidden;\" title=\"&#8222;NOTABFISCHPLAN&#8220; &#8212; Fischereimanagement Salzkammergut\" src=\"https:\/\/huberpower.com\/wordpress\/?page_id=15349&#038;embed=true#?secret=H2aDVIpoWh#?secret=mnZM98CY3f\" data-secret=\"mnZM98CY3f\" width=\"600\" height=\"338\" frameborder=\"0\" marginwidth=\"0\" marginheight=\"0\" scrolling=\"no\"><\/iframe>\n<\/div><\/figure>\n\n\n\n<p class=\"wp-block-paragraph\">Unter Anwendung von elektrischem Strom (Elektrofischerei) darf nur mit Erlaubnis der O.\u00d6. Landesregierung gefischt werden. Der Berechtigung zur Aus\u00fcbung der Elektrofischerei wird nur erteilt, wenn der Antragsteller<\/p>\n\n\n\n<ul class=\"wp-block-list\">\n<li>nachweist, dass der Elektrofischer einen g\u00fcltigen Ausbildung besitzt,<\/li>\n\n\n\n<li>gepr\u00fcfte und zugelassene Elektrofischereiger\u00e4t verwendet<\/li>\n<\/ul>\n\n\n\n<p class=\"wp-block-paragraph\">Die Ausbildung f\u00fcr die Aus\u00fcbung der Elektrofischerei wird durch einen Kurs beim <strong><mark style=\"background-color:rgba(0, 0, 0, 0)\" class=\"has-inline-color has-vivid-green-cyan-color\">Bundesamt f\u00fcr Wasserwirtschaft (BAW) <\/mark>in <\/strong>Scharfling 18, 5310 Mondsee&nbsp;angeboten und nach Teilnahme an diesen Lehrgang hat man die entsprechenden Kenntnisse erworben.<\/p>\n\n\n\n<figure class=\"wp-block-image size-full is-resized\"><img loading=\"lazy\" decoding=\"async\" width=\"693\" height=\"346\" src=\"https:\/\/huberpower.com\/wordpress\/wp-content\/uploads\/2023\/06\/image-6.png\" alt=\"\" class=\"wp-image-25595\" style=\"width:839px;height:419px\" srcset=\"https:\/\/huberpower.com\/wordpress\/wp-content\/uploads\/2023\/06\/image-6.png 693w, https:\/\/huberpower.com\/wordpress\/wp-content\/uploads\/2023\/06\/image-6-450x225.png 450w\" sizes=\"auto, (max-width: 693px) 100vw, 693px\" \/><\/figure>\n\n\n\n<h2 class=\"wp-block-heading\">Tarife f\u00fcr Elektrobefischungen<\/h2>\n\n\n\n<p class=\"wp-block-paragraph\">Die Honorarnote orientiert sich an der Honorarordnung f\u00fcr Ziviltechniker, die jeweils aktualisiert in der Zeitschrift \u201eSachverst\u00e4ndige\u201c des Hauptverbandes der allgemein beeideten und gerichtlich zertifizierten Sachverst\u00e4ndigen \u00d6sterreichs ver\u00f6ffentlicht wird und in \u201e\u00d6sterreichs Fischerei\u201c, der Zeitschrift des \u00d6sterreichischen Fischereiverbandes f\u00fcr Fischerei-Sachverst\u00e4ndige adaptiert wird.<\/p>\n\n\n\n<figure class=\"wp-block-embed is-type-wp-embed is-provider-fischereimanagement-salzkammergut wp-block-embed-fischereimanagement-salzkammergut\"><div class=\"wp-block-embed__wrapper\">\n<blockquote class=\"wp-embedded-content\" data-secret=\"oOVTn6QGwX\"><a href=\"https:\/\/huberpower.com\/wordpress\/?page_id=23953\">TARIFE F\u00dcR FISCHEREI-SV<\/a><\/blockquote><iframe loading=\"lazy\" class=\"wp-embedded-content\" sandbox=\"allow-scripts\" security=\"restricted\" style=\"position: absolute; visibility: hidden;\" title=\"&#8222;TARIFE F\u00dcR FISCHEREI-SV&#8220; &#8212; Fischereimanagement Salzkammergut\" src=\"https:\/\/huberpower.com\/wordpress\/?page_id=23953&#038;embed=true#?secret=uBumlOglsx#?secret=oOVTn6QGwX\" data-secret=\"oOVTn6QGwX\" width=\"600\" height=\"338\" frameborder=\"0\" marginwidth=\"0\" marginheight=\"0\" scrolling=\"no\"><\/iframe>\n<\/div><\/figure>\n\n\n\n<h2 class=\"wp-block-heading\">Kontakt f\u00fcr ein Angebot<\/h2>\n\n\n\n<figure class=\"wp-block-image size-full\"><img loading=\"lazy\" decoding=\"async\" width=\"861\" height=\"591\" src=\"https:\/\/huberpower.com\/wordpress\/wp-content\/uploads\/2023\/06\/image-4.png\" alt=\"\" class=\"wp-image-25577\" srcset=\"https:\/\/huberpower.com\/wordpress\/wp-content\/uploads\/2023\/06\/image-4.png 861w, https:\/\/huberpower.com\/wordpress\/wp-content\/uploads\/2023\/06\/image-4-450x309.png 450w\" sizes=\"auto, (max-width: 861px) 100vw, 861px\" \/><\/figure>\n\n\n\n<figure class=\"wp-block-embed is-type-wp-embed is-provider-fischereimanagement-salzkammergut wp-block-embed-fischereimanagement-salzkammergut\"><div class=\"wp-block-embed__wrapper\">\n<blockquote class=\"wp-embedded-content\" data-secret=\"3Jdo3eWPvc\"><a href=\"https:\/\/huberpower.com\/wordpress\/?page_id=14494\">VORSTAND FMSKG<\/a><\/blockquote><iframe loading=\"lazy\" class=\"wp-embedded-content\" sandbox=\"allow-scripts\" security=\"restricted\" style=\"position: absolute; visibility: hidden;\" title=\"&#8222;VORSTAND FMSKG&#8220; &#8212; Fischereimanagement Salzkammergut\" src=\"https:\/\/huberpower.com\/wordpress\/?page_id=14494&#038;embed=true#?secret=56oZJucQ92#?secret=3Jdo3eWPvc\" data-secret=\"3Jdo3eWPvc\" width=\"600\" height=\"338\" frameborder=\"0\" marginwidth=\"0\" marginheight=\"0\" scrolling=\"no\"><\/iframe>\n<\/div><\/figure>\n\n\n\n&nbsp;<p style=\"text-align: center;\"><strong><span style=\"color: #99cc00;\">\u201eInmitten der Schwierigkeiten liegt die M\u00f6glichkeit.\u201c<\/span><\/strong><\/p>\n<p style=\"text-align: center;\">Zitat von: Albert Einstein<\/p>\n<p style=\"text-align: center;\"><a href=\"https:\/\/huberpower.com\/wordpress\/\"><img loading=\"lazy\" decoding=\"async\" class=\"aligncenter size-full wp-image-121\" title=\"20080303_17463_Home 250x Fisherman is Home_3333_bearbeitet-1\" src=\"https:\/\/huberpower.com\/wordpress\/wp-content\/uploads\/2012\/07\/20080303_17463_Home-250x-Fisherman-is-Home_3333_bearbeitet-1.jpg\" alt=\"\" width=\"208\" height=\"243\" \/><\/a><\/p>\n&nbsp;\n","protected":false},"excerpt":{"rendered":"<p>Vom Fischereimanagement Salzkammergut (FMSKG) werden Hegebefischungen, Notabfischungen und Fischumsiedelungen bei wasserbaulichen Projekten durch Elektrobefischung durchgef\u00fchrt. Weiters bieten wir Fischtransporte und Fischereiberatungen an. Wir sind ein Dienstleister im Fischereirevier Oberes Salzkammergut&#8230; <a class=\"read-more\" href=\"https:\/\/huberpower.com\/wordpress\/?page_id=25562\">[Weiterlesen]<\/a><\/p>\n","protected":false},"author":4,"featured_media":0,"parent":0,"menu_order":0,"comment_status":"closed","ping_status":"closed","template":"","meta":{"_crdt_document":"","footnotes":""},"class_list":["post-25562","page","type-page","status-publish","hentry","no-post-thumbnail"],"_links":{"self":[{"href":"https:\/\/huberpower.com\/wordpress\/index.php?rest_route=\/wp\/v2\/pages\/25562","targetHints":{"allow":["GET"]}}],"collection":[{"href":"https:\/\/huberpower.com\/wordpress\/index.php?rest_route=\/wp\/v2\/pages"}],"about":[{"href":"https:\/\/huberpower.com\/wordpress\/index.php?rest_route=\/wp\/v2\/types\/page"}],"author":[{"embeddable":true,"href":"https:\/\/huberpower.com\/wordpress\/index.php?rest_route=\/wp\/v2\/users\/4"}],"replies":[{"embeddable":true,"href":"https:\/\/huberpower.com\/wordpress\/index.php?rest_route=%2Fwp%2Fv2%2Fcomments&post=25562"}],"version-history":[{"count":17,"href":"https:\/\/huberpower.com\/wordpress\/index.php?rest_route=\/wp\/v2\/pages\/25562\/revisions"}],"predecessor-version":[{"id":39058,"href":"https:\/\/huberpower.com\/wordpress\/index.php?rest_route=\/wp\/v2\/pages\/25562\/revisions\/39058"}],"wp:attachment":[{"href":"https:\/\/huberpower.com\/wordpress\/index.php?rest_route=%2Fwp%2Fv2%2Fmedia&parent=25562"}],"curies":[{"name":"wp","href":"https:\/\/api.w.org\/{rel}","templated":true}]}}