{"id":22540,"date":"2022-08-16T09:38:32","date_gmt":"2022-08-16T07:38:32","guid":{"rendered":"http:\/\/huberpower.com\/wordpress\/?page_id=22540"},"modified":"2025-04-29T10:11:07","modified_gmt":"2025-04-29T08:11:07","slug":"prinzipien","status":"publish","type":"page","link":"https:\/\/huberpower.com\/wordpress\/?page_id=22540","title":{"rendered":"PRINZIPIEN UND RICHTLINIEN"},"content":{"rendered":"\n<p class=\"wp-block-paragraph\">Ein&nbsp;<strong>Prinzip<\/strong> oder im Plural&nbsp;&#8222;<em>Prinzipien&#8220;<\/em> und von&nbsp;lateinischen <em>principium<\/em>, ist der Anfang, Beginn, Grundsatz abgeleitet. Es stellt eine gegebene Gesetzm\u00e4\u00dfigkeit dar, die anderen Gesetzm\u00e4\u00dfigkeiten \u00fcbergeordnet ist.  Wobei auch der Begriff Gesetzm\u00e4\u00dfigkeit ersetzbar ist durch Begriffe wie Gesetz, Naturgesetz, Regel, Richtlinie, Verhaltensrichtlinie,&nbsp;Grundsatz&nbsp;oder&nbsp;Postulat. Im klassischen Sinne steht das Prinzip zwingend an oberster Stelle, und ist eine Verkettung von Gesetzen und Regeln.<\/p>\n\n\n\n<figure class=\"wp-block-image size-large\"><img loading=\"lazy\" decoding=\"async\" width=\"1024\" height=\"600\" src=\"https:\/\/huberpower.com\/wordpress\/wp-content\/uploads\/2022\/08\/image-50-1024x600.png\" alt=\"\" class=\"wp-image-22626\" srcset=\"https:\/\/huberpower.com\/wordpress\/wp-content\/uploads\/2022\/08\/image-50-1024x600.png 1024w, https:\/\/huberpower.com\/wordpress\/wp-content\/uploads\/2022\/08\/image-50-450x264.png 450w, https:\/\/huberpower.com\/wordpress\/wp-content\/uploads\/2022\/08\/image-50-1536x900.png 1536w, https:\/\/huberpower.com\/wordpress\/wp-content\/uploads\/2022\/08\/image-50-2048x1200.png 2048w\" sizes=\"auto, (max-width: 1024px) 100vw, 1024px\" \/><figcaption class=\"wp-element-caption\">Ohne Wiederhacken und mit der Trockenfliege ist eine schonender Umgang mit dem Fisch m\u00f6glich. Der ge\u00fcbte Fliegenfischer kann den Hacken l\u00f6sen, indem er die Fliege nimmt und mit einen kurzen Ruck den Fisch befreit, ohne den Fisch zu ber\u00fchre.  <\/figcaption><\/figure>\n\n\n\n<p class=\"wp-block-paragraph\"><strong><mark style=\"background-color:rgba(0, 0, 0, 0)\" class=\"has-inline-color has-luminous-vivid-orange-color\">Was f\u00fcr viele von uns selbstverst\u00e4ndlich ist, ersuche ich jedoch alle, unsere weidgerechtenn Prinzipien zu unterst\u00fctzen und Fischern oder G\u00e4sten, die damit nicht vertraut damit sind, darauf hinzuweisen. Bei den nachfolgenden Prinzipien und Regeln braucht man keine zus\u00e4tzliche Ausr\u00fcstung kaufen, sondern nur etwas Zeit f\u00fcr die Vorbereitung und Achtsamkeit aufwenden, bevor man sich auf den Weg zu einem Ausflug macht und zum Fischen geht.&nbsp;<\/mark><\/strong><\/p>\n\n\n\n<p class=\"has-text-align-center wp-block-paragraph\"><strong><mark style=\"background-color:rgba(0, 0, 0, 0)\" class=\"has-inline-color has-luminous-vivid-orange-color\">Wir nennen uns &#8222;Fliegenfischer Weidgerecht&#8220; und daher ist es auch unsere Mission, dass wir uns weidgerecht verhalten.<\/mark><\/strong><\/p>\n\n\n\n<figure class=\"wp-block-image size-full\"><img loading=\"lazy\" decoding=\"async\" width=\"995\" height=\"290\" src=\"https:\/\/huberpower.com\/wordpress\/wp-content\/uploads\/2022\/10\/image-29.png\" alt=\"\" class=\"wp-image-23195\" srcset=\"https:\/\/huberpower.com\/wordpress\/wp-content\/uploads\/2022\/10\/image-29.png 995w, https:\/\/huberpower.com\/wordpress\/wp-content\/uploads\/2022\/10\/image-29-450x131.png 450w\" sizes=\"auto, (max-width: 995px) 100vw, 995px\" \/><figcaption class=\"wp-element-caption\">Neben dem O.\u00d6. Fischereigesetz sind ethische, vereinsinterne und gew\u00e4sserspezifische Regeln zu beachten. <\/figcaption><\/figure>\n\n\n\n<h3 class=\"wp-block-heading\"><strong>FFW-Fischereibestimmungen und das O.\u00d6. Fischereigesetz einhalten <\/strong><\/h3>\n\n\n\n<p class=\"wp-block-paragraph\">Die Weidgerechtigkeit ist im <a rel=\"noreferrer noopener\" href=\"https:\/\/www.ris.bka.gv.at\/GeltendeFassung.wxe?Abfrage=LROO&amp;Gesetzesnummer=20001078\" target=\"_blank\">O.\u00d6. Fischereigesetz<\/a> im \u00a729 geregelt. Wir haben in unseren FFW-Fischereiordnung ein paar Regeln, wie widerhakenlose Haken, Watverbot in der Schonzeit der \u00c4schen, mit einer <strong><mark style=\"background-color:rgba(0, 0, 0, 0)\" class=\"has-inline-color has-luminous-vivid-orange-color\">Schonzeit der \u00c4sche bis 31. Mai in der &#8222;Kaiser Traun&#8220;<\/mark><\/strong> und ein paar gew\u00e4sserspezifischen Abweichungen. Diese sind einzuhalten!&nbsp;&nbsp;<\/p>\n\n\n\n<h2 class=\"wp-block-heading\">Fischen ist kein Hobby &#8211; Fischen ist kein Sport.<\/h2>\n\n\n\n<p class=\"wp-block-paragraph\">Fischen ist Praxis \u2013 und Verantwortung. Verantwortung f\u00fcr Entscheidungen im Zusammenspiel f\u00fcr das Lebewesen &#8222;Fisch&#8220;, die Landschaft, die Zeit, die innere Ordnung der Natur, in die wir eingreifen, wenn wir Fische fangen.<\/p>\n\n\n\n<p class=\"wp-block-paragraph\">Verantwortung hei\u00dft, das Wesen der Fische zu verstehen und Gew\u00e4sser lesen zu lernen \u2013 dar\u00fcber hinaus, was ist, nicht nur, was nutzt. Verantwortung beginnt, wo Leidenschaft auf Wissen trifft, wo Pflicht mit Achtsamkeit verbunden wird. Verantwortung endet nicht mit dem fangen, sondern dauert an \u2013 im Respekt vor dem Fisch, im Gleichgewicht zwischen Nutzen und Erhalten.<\/p>\n\n\n\n<p class=\"has-text-align-center has-medium-font-size wp-block-paragraph\"><strong><mark style=\"background-color:rgba(0, 0, 0, 0)\" class=\"has-inline-color has-luminous-vivid-orange-color\">Fischer, die Verantwortung tragen, sind weidgerecht. Es ist Demut und Ethik.<\/mark><\/strong><\/p>\n\n\n\n<h3 class=\"wp-block-heading\"><strong>Fische nicht aus dem Wasser nehmen<\/strong><\/h3>\n\n\n\n<p class=\"wp-block-paragraph\">Genau wie Menschen brauchen Fische Sauerstoff, um lebenswichtige K\u00f6rperfunktionen zu unterst\u00fctzen und am Leben zu erhalten. Der Unterschied besteht darin, dass Fische ihren Sauerstoff aus dem Wasser beziehen und nicht aus der Luft. Bei der Atmung von Fischen wird Wasser in das Maul und \u00fcber die Kiemen geleitet, sei es durch Pumpen oder beim Schwimmen mit offenem Maul.&nbsp;&nbsp;<\/p>\n\n\n\n<p class=\"wp-block-paragraph\"><strong><mark style=\"background-color:rgba(0, 0, 0, 0)\" class=\"has-inline-color has-luminous-vivid-orange-color\">Ebenso wie Menschen m\u00fcssen Fische w\u00e4hrend und nach dem Training mehr atmen, auch wenn sie am Ende einer Angelschnur k\u00e4mpfen, sowie nachdem sie gelandet sind. Die Maximierung der F\u00e4higkeit der Fische, Sauerstoff aufzunehmen, wenn sie sich vom Stress des Angelns erholen, ist f\u00fcr eine schnelle Genesung unerl\u00e4sslich.<\/mark><\/strong><\/p>\n\n\n\n<p class=\"wp-block-paragraph\">Einen Fisch aus dem Wasser zu halten, verhindert die Genesung und kann zum Tod f\u00fchren, wenn man es zu lange tut. Sogar kurze Expositionszeiten in der Luft und wenn es nur 10-20 Sekunden sind, k\u00f6nnen Fischen schaden. &nbsp;<\/p>\n\n\n\n<p class=\"wp-block-paragraph\">Jeder von uns kann negative Auswirkungen reduzieren, indem er den Fisches so weit wie m\u00f6glich vollst\u00e4ndig in Wasser bel\u00e4sst. Es ist ganz einfach! &nbsp;<\/p>\n\n\n\n<figure class=\"wp-block-image size-large\"><img loading=\"lazy\" decoding=\"async\" width=\"1024\" height=\"693\" src=\"https:\/\/huberpower.com\/wordpress\/wp-content\/uploads\/2022\/10\/image-26-1024x693.png\" alt=\"\" class=\"wp-image-23182\" srcset=\"https:\/\/huberpower.com\/wordpress\/wp-content\/uploads\/2022\/10\/image-26-1024x693.png 1024w, https:\/\/huberpower.com\/wordpress\/wp-content\/uploads\/2022\/10\/image-26-450x305.png 450w, https:\/\/huberpower.com\/wordpress\/wp-content\/uploads\/2022\/10\/image-26-1536x1040.png 1536w, https:\/\/huberpower.com\/wordpress\/wp-content\/uploads\/2022\/10\/image-26.png 1965w\" sizes=\"auto, (max-width: 1024px) 100vw, 1024px\" \/><figcaption class=\"wp-element-caption\"><strong>Kein Fisch Kontakt mit trockenen H\u00e4nden vermeiden oder au\u00dferhalb von der Wasseroberfl\u00e4chen.<\/strong><\/figcaption><\/figure>\n\n\n\n<h3 class=\"wp-block-heading\"><strong>Kein Fisch Kontakt mit trockenen H\u00e4nden oder Oberfl\u00e4chen<\/strong><\/h3>\n\n\n\n<p class=\"wp-block-paragraph\">Fische haben eine sch\u00fctzende Schleimschicht und Schuppen, die sie vor Krankheiten sch\u00fctzen. Der Kontakt mit trockenen, harten oder rauen Oberfl\u00e4chen, wie H\u00e4nden, Steinen, Sand und Bootsb\u00f6den kann Schleim und Schuppen entfernen, wodurch Fische anf\u00e4lliger f\u00fcr Krankheiten, insbesondere Pilzinfektionen, werden. <strong><mark style=\"background-color:rgba(0, 0, 0, 0)\" class=\"has-inline-color has-luminous-vivid-orange-color\">Wenn Sie Fische im oder \u00fcber dem Wasser halten und sie mit sauberen, nassen H\u00e4nden oder einem weichen Gumminetz halten, bleiben ihre Schleimschicht und Schuppen intakt und die Fische frei von Krankheiten.&nbsp;&nbsp;<\/mark><\/strong><\/p>\n\n\n\n<h3 class=\"wp-block-heading\"><strong>Handhabung mit dem Fisch reduzieren<\/strong><\/h3>\n\n\n\n<p class=\"wp-block-paragraph\">Fische sind wilde Tiere und der Umgang mit ihnen ist stressig, egal ob in der Hand oder im Netz. Ein Fische der gedrillt und gefangen wird hat eine Stresssituation. Es kann Stunden dauern, bis sich ein Fisch nach dem Freilassen physiologisch wieder normalisiert. Je l\u00e4nger Sie mit einem Fisch umgehen, desto stressiger wird es f\u00fcr ihn, was den mit dem Fangen verbundenen Stress verst\u00e4rkt.&nbsp;&nbsp;<\/p>\n\n\n\n<p class=\"wp-block-paragraph\">Verwechseln Sie es nicht, wenn ein Fisches &#8222;wegschwimmt\u201c, als Zeichen daf\u00fcr, dass er sich vollst\u00e4ndig erholt hat. Vermeiden sie minutenlange Fotoshootings und ziehen lassen sie den Fisch frei, ohne ihn zu ber\u00fchren. <strong><mark style=\"background-color:rgba(0, 0, 0, 0)\" class=\"has-inline-color has-luminous-vivid-orange-color\">F\u00fchren Sie Ihre Hand an der Leine entlang und entfernen Sie den Haken \u2013 was noch einfacher wird, wenn der Haken ohne Widerhaken ist. Was bei uns sowie Usus ist!&nbsp;&nbsp;<\/mark><\/strong><\/p>\n\n\n\n<h3 class=\"wp-block-heading\"><strong>Fische vorsichtig halten<\/strong><\/h3>\n\n\n\n<p class=\"wp-block-paragraph\">Fische haben empfindliche innere Organe, also halte sie sanft, ohne sie zu dr\u00fccken. Vermeiden Sie es, Ihre Hand auf Mund und Kiemen zu legen, da dies die Atmung behindert. Wenn ein Fisch gr\u00f6\u00dfer als deine Hand ist, halte ihn mit beiden H\u00e4nden. Greifen Sie bei gr\u00f6\u00dferen Fischen den Schwanzansatz mit dem Schwanzwurzelgriff und st\u00fctzen Sie den K\u00f6rper sanft in der N\u00e4he der Bauchflossen ab. Erw\u00e4gen Sie, sehr gro\u00dfe Fische im Wasser zu halten \u2013 zu seiner und Ihrer Sicherheit.&nbsp;&nbsp;<\/p>\n\n\n\n<h3 class=\"wp-block-heading\"><strong>Beim Fische fotografieren beachten<\/strong><\/h3>\n\n\n\n<p class=\"wp-block-paragraph\">Versuchen Sie, Ihren Fisch zu fotografieren, w\u00e4hrend er im Wasser ist. Das zeigt den Fisch in seinem Element und sorgt daf\u00fcr, dass er atmen kann. Wenn Sie den Fisch schnell f\u00fcr ein Foto hochheben, halten Sie ihn so nah wie m\u00f6glich am Wasser. Lassen Sie auch den Fotografen das Sagen haben \u2013 1, 2, 3 \u2026 heben Sie den Fisch \u2026 und machen Sie Ihr Foto. Halten Sie das herausheben auf 10 Sekunden oder weniger beschr\u00e4nkt. Es muss nicht jeder Fisch fotografiert werden. Das Erlebnis z\u00e4hlt!&nbsp;<\/p>\n\n\n\n<h3 class=\"wp-block-heading\"><strong>Fische zur Laichzeit nicht befischen und nicht in Laichgruben waten<\/strong><\/h3>\n\n\n\n<p class=\"wp-block-paragraph\">Das Angeln von Fischen, die auf dem Weg zu Laichgr\u00fcnden sind oder gerade laichen, kann einen kritischen Teil ihres Lebenszyklus st\u00f6ren und zuk\u00fcnftige Generationen beeintr\u00e4chtigen. Daher gibt es lt. O.\u00d6. Fischereigesetz Schonzeiten, <strong><mark style=\"background-color:rgba(0, 0, 0, 0)\" class=\"has-inline-color has-luminous-vivid-orange-color\">Abh\u00e4ngig von der Fischart, daher d\u00fcrfen diese w\u00e4hrend ihrer Laichzeit nicht befischt werden. Auch das Waten ist zur Laichzeit lt. FFW-Fischereiordnung nicht erlaubt.  &nbsp;<\/mark><\/strong><\/p>\n\n\n\n<figure class=\"wp-block-image size-large\"><img loading=\"lazy\" decoding=\"async\" width=\"1024\" height=\"581\" src=\"https:\/\/huberpower.com\/wordpress\/wp-content\/uploads\/2022\/10\/image-30-1024x581.png\" alt=\"\" class=\"wp-image-23212\" srcset=\"https:\/\/huberpower.com\/wordpress\/wp-content\/uploads\/2022\/10\/image-30-1024x581.png 1024w, https:\/\/huberpower.com\/wordpress\/wp-content\/uploads\/2022\/10\/image-30-450x255.png 450w, https:\/\/huberpower.com\/wordpress\/wp-content\/uploads\/2022\/10\/image-30-1536x871.png 1536w, https:\/\/huberpower.com\/wordpress\/wp-content\/uploads\/2022\/10\/image-30.png 1987w\" sizes=\"auto, (max-width: 1024px) 100vw, 1024px\" \/><figcaption class=\"wp-element-caption\">An der <strong>Kaiser Traun haben wir ein Wat Verbot im Zeitraum 1. April bis 31. Mai. Zum Schutz der \u00c4schen w\u00e4hrende ihrer Laichzeit und um zu verhindern, dass die Laichgruben zerst\u00f6rt werden.<\/strong><\/figcaption><\/figure>\n\n\n\n<h3 class=\"wp-block-heading\"><strong>Kaiser Traun &#8211; Wat Verbot im Zeitraum 1. April bis 31. Mai<\/strong><\/h3>\n\n\n\n<figure class=\"wp-block-image size-large\"><img loading=\"lazy\" decoding=\"async\" width=\"1024\" height=\"508\" src=\"https:\/\/huberpower.com\/wordpress\/wp-content\/uploads\/2025\/02\/image-128-1024x508.png\" alt=\"\" class=\"wp-image-37886\" srcset=\"https:\/\/huberpower.com\/wordpress\/wp-content\/uploads\/2025\/02\/image-128-1024x508.png 1024w, https:\/\/huberpower.com\/wordpress\/wp-content\/uploads\/2025\/02\/image-128-450x223.png 450w, https:\/\/huberpower.com\/wordpress\/wp-content\/uploads\/2025\/02\/image-128-1536x761.png 1536w, https:\/\/huberpower.com\/wordpress\/wp-content\/uploads\/2025\/02\/image-128-2048x1015.png 2048w\" sizes=\"auto, (max-width: 1024px) 100vw, 1024px\" \/><figcaption class=\"wp-element-caption\">Laichschongebiete beachten!!!!<\/figcaption><\/figure>\n\n\n\n<p class=\"wp-block-paragraph\">\u00dcber die gesamte Revierstrecke ist das Waten mit der Wathose erlaubt. Es d\u00fcrfen zur \u00c4schen Laichzeit die Laichpl\u00e4tze nicht zu bewatet werden bzw. w\u00e4hrend dieser Zeiten ist auf das Waten zu verzichten. In den meisten Jahren, regelt die einsetzende Schneeschmelze die sowieso und ein bewaten ist in diesen Zeitraum sowieso nicht m\u00f6glich. <\/p>\n\n\n\n<figure class=\"wp-block-image size-large\"><img loading=\"lazy\" decoding=\"async\" width=\"1024\" height=\"626\" src=\"https:\/\/huberpower.com\/wordpress\/wp-content\/uploads\/2022\/10\/image-31-1024x626.png\" alt=\"\" class=\"wp-image-23215\" srcset=\"https:\/\/huberpower.com\/wordpress\/wp-content\/uploads\/2022\/10\/image-31-1024x626.png 1024w, https:\/\/huberpower.com\/wordpress\/wp-content\/uploads\/2022\/10\/image-31-450x275.png 450w, https:\/\/huberpower.com\/wordpress\/wp-content\/uploads\/2022\/10\/image-31-1536x939.png 1536w, https:\/\/huberpower.com\/wordpress\/wp-content\/uploads\/2022\/10\/image-31-2048x1252.png 2048w\" sizes=\"auto, (max-width: 1024px) 100vw, 1024px\" \/><figcaption class=\"wp-element-caption\">Speziell an der Ischl und unterhalb der Ischl M\u00fcndung geht die Wassertemperatur \u00fcber die 20 Grad und bei solchen Wassertemperaturen ist das Fischen einzustellen. <\/figcaption><\/figure>\n\n\n\n<h3 class=\"wp-block-heading\"><strong>Wassertemperatur beim \u00c4schen Fischen ein kritischer und oft untersch\u00e4tzter Punkt<\/strong><\/h3>\n\n\n\n<p class=\"wp-block-paragraph\">Seien Sie besonders vorsichtig, wie Sie mit Fischen umgehen, wenn sich die Wassertemperaturen erh\u00f6hen. Der Stoffwechsel, speziell von \u00c4schen ist direkt mit der Wassertemperatur verbunden, und dies kann zusammen mit der Aus\u00fcbung des Angelns Fische anf\u00e4lliger f\u00fcr die Auswirkungen des Fangens und Freilassens machen. In den meisten F\u00e4llen nimmt der gel\u00f6ste Sauerstoff ab, wenn die Wassertemperatur steigt, was bedeutet, dass es l\u00e4nger dauern kann, bis sich die Fische vom Angeln erholen. Insgesamt wird es bei steigenden Temperaturen besonders wichtig, die Fischerei in die Morgenstunden zu verlegen und <strong><mark style=\"background-color:rgba(0, 0, 0, 0)\" class=\"has-inline-color has-luminous-vivid-orange-color\">bei einer Wassertemperatur von \u00fcber 20 Grad das Fischen einzustellen.<\/mark><\/strong><\/p>\n\n\n\n<figure class=\"wp-block-image size-large\"><img loading=\"lazy\" decoding=\"async\" width=\"1024\" height=\"698\" src=\"https:\/\/huberpower.com\/wordpress\/wp-content\/uploads\/2022\/10\/image-32-1024x698.png\" alt=\"\" class=\"wp-image-23217\" srcset=\"https:\/\/huberpower.com\/wordpress\/wp-content\/uploads\/2022\/10\/image-32-1024x698.png 1024w, https:\/\/huberpower.com\/wordpress\/wp-content\/uploads\/2022\/10\/image-32-450x307.png 450w, https:\/\/huberpower.com\/wordpress\/wp-content\/uploads\/2022\/10\/image-32-1536x1046.png 1536w, https:\/\/huberpower.com\/wordpress\/wp-content\/uploads\/2022\/10\/image-32-2048x1395.png 2048w\" sizes=\"auto, (max-width: 1024px) 100vw, 1024px\" \/><figcaption class=\"wp-element-caption\"><strong>Drillzeit so kurz wie m\u00f6glich halten<\/strong> &#8230;<\/figcaption><\/figure>\n\n\n\n<h3 class=\"wp-block-heading\"><strong>Drillzeit so kurz wie m\u00f6glich halten<\/strong><\/h3>\n\n\n\n<p class=\"wp-block-paragraph\">Indem Sie einen Fisch schnell landen und ihn nicht bis zur Ersch\u00f6pfung drillen, k\u00f6nnen Sie den physiologischen und muskul\u00e4ren Stress reduzieren, dem der Fisch ausgesetzt ist. Um dies zu unterst\u00fctzen, passen Sie Ihr Ger\u00e4t an die Zielart und die Bedingungen an. Wenn Sie den Fisch zur Hand oder in den Kescher bringen k\u00f6nnen, tun Sie dies, anstatt ihn noch einmal &#8222;ausbrechen&#8220; zu lassen.<\/p>\n\n\n\n<h3 class=\"wp-block-heading\"><strong>Beleben sie Fische die nicht mehr schwimmen k\u00f6nnen<\/strong><\/h3>\n\n\n\n<p class=\"wp-block-paragraph\">Ein Fisch erholt sich besser in seinem nat\u00fcrlichen Lebensraum, es sei denn, er kann nicht alleine wegschwimmen. Wenn ein Fisch das Gleichgewicht verloren hat \u2013 die koordinierten Bewegungen seiner Flossen, die es ihm erm\u00f6glichen, aufrecht zu bleiben und zu schwimmen \u2013 muss er wiederbelebt werden, bevor Sie ihn loslassen. Die Wiederbelebung eines Fisches kann in bewegtem Wasser erfolgen, indem man den Fisch eintaucht und seinen Kopf in die Str\u00f6mung h\u00e4lt, so dass das Wasser in das Maul und \u00fcber die Kiemen flie\u00dft. Bewegen Sie den Fisch in ruhigen Gew\u00e4ssern vorsichtig, um diesen Effekt zu stimulieren. <\/p>\n\n\n\n<h3 class=\"wp-block-heading\"><strong>Nur mit wiederhackenlosen Hacken fischen<\/strong><\/h3>\n\n\n\n<p class=\"wp-block-paragraph\">Einmal gehakt, trainiert ein Fisch im Wesentlichen kr\u00e4ftig, wenn er am Ende Ihrer Schnur k\u00e4mpft. Indem Sie einen Fisch schnell landen und ihn nicht bis zur Ersch\u00f6pfung \u00fcbertreiben, k\u00f6nnen Sie den physiologischen und muskul\u00e4ren Stress reduzieren, dem der Fisch ausgesetzt ist. Um dies zu unterst\u00fctzen, passen Sie Ihr Ger\u00e4t an die Zielart und die Bedingungen an. Wenn Sie den Fisch zur Hand bringen k\u00f6nnen, tun Sie dies, anstatt ihn noch einmal laufen zu lassen. Nur mit Wiederhackenlosen Hacken fischen<\/p>\n\n\n\n<p class=\"wp-block-paragraph\">Eigentlich ist dieser Punkt f\u00fcr viele von uns gar nicht erw\u00e4hnenswert. Wir fischen seit Jahrzehnten ohne Wiederhacken. Zwicke den Widerhaken mit einer Zange zum Hacken. Haken ohne Widerhaken richten nicht nur weniger Schaden am Fischmaul an, sondern sind auch viel einfacher und schneller zu entfernen \u2013 besonders hilfreich, wenn einer in Ihrem Ohr oder Finger landet!<br \/>Hier geht es um eine innere Einstellung zum weidgerechtes Fischen! <\/p>\n\n\n\n<h3 class=\"wp-block-heading\"><strong>Nicht Hacken herausoperieren, sondern abschneiden<\/strong><\/h3>\n\n\n\n<p class=\"wp-block-paragraph\">Die Todesursache Nummer eins bei Fischen, die gefangen und wieder freigelassen werden, sind Hakenverletzungen \u2013 normalerweise durch tiefsitzende Hacken. Bevor man sich hier zu einer Operation hin rei\u00dfen l\u00e4sst um eine Kunstfliege um 2.&#8211; Euro zu retten, sollte man bei einen Fisch, der tief gehakt ist, die Schnur knapp ab Fischmaul abschneiden, anstatt zu versuchen, den Haken zu entfernen.&nbsp;   <\/p>\n\n\n\n<h3 class=\"wp-block-heading\"><strong>Verwenden sie moderne, schonende Gummikescher<\/strong><\/h3>\n\n\n\n<p class=\"wp-block-paragraph\">Gumminetze sind weniger abrasiv und schaden Fischschleim, Schuppen, Flossen und Kiemen weniger als geknotete Nylonmaschennetze. Au\u00dferdem bleiben Haken nicht an Gumminetzen h\u00e4ngen, was dazu beitragen kann, die Zeit in Gefangenschaft zu verk\u00fcrzen. Kescher mit gro\u00dfen Gummigeflecht haben wie tests zeigen, den geringsten Schuppen- und Schleimverlust aller Netzarten. <\/p>\n\n\n\n<h3 class=\"wp-block-heading\"><strong>Filzsohlen Verbot bei Wat-Schuhen und Wat-Stiefel<\/strong><\/h3>\n\n\n\n<p class=\"wp-block-paragraph\">Proliferative Nierenkrankheit (PKD) in der Oberen Traun: Angesichts des positiven Nachweises dieses<br \/>f\u00fcr Salmoniden Best\u00e4nde (insbesondere der Bachforelle) sehr gef\u00e4hrlichen Parasiten in der Traun,<br \/>wollen wir unsere Fischerinnen und Fischer dringend darauf hinweisen, dass \u00fcber die Wat Bekleidung oder auch das Angelger\u00e4t eine weitere Verbreitung des Erregers erfolgen kann. Wir empfehlen, entsprechende Vorsichtsma\u00dfnahmen zu treffen (Desinfektion, etc.), sollten vor einer Fischerei in unseren Gew\u00e4ssern und im Anschluss an die Fischerei an der Traun weitere Gew\u00e4sser befischt werden. Details und umfangreiche Informationen zur PKD und zu den m\u00f6glichen Vorkehrungsma\u00dfnahmen sind auf www.huberpower.com bereitgestellt.<\/p>\n\n\n\n<figure class=\"wp-block-embed is-type-wp-embed is-provider-fischereimanagement-salzkammergut wp-block-embed-fischereimanagement-salzkammergut\"><div class=\"wp-block-embed__wrapper\">\n<blockquote class=\"wp-embedded-content\" data-secret=\"FpbqMjcab7\"><a href=\"https:\/\/huberpower.com\/wordpress\/?p=7383\">FILZSOHLENVERBOT BEI WATSCHUHEN UND WATSTIEFELN<\/a><\/blockquote><iframe loading=\"lazy\" class=\"wp-embedded-content\" sandbox=\"allow-scripts\" security=\"restricted\" style=\"position: absolute; visibility: hidden;\" title=\"&#8222;FILZSOHLENVERBOT BEI WATSCHUHEN UND WATSTIEFELN&#8220; &#8212; Fischereimanagement Salzkammergut\" src=\"https:\/\/huberpower.com\/wordpress\/?p=7383&#038;embed=true#?secret=eUYFSLqe4N#?secret=FpbqMjcab7\" data-secret=\"FpbqMjcab7\" width=\"600\" height=\"338\" frameborder=\"0\" marginwidth=\"0\" marginheight=\"0\" scrolling=\"no\"><\/iframe>\n<\/div><\/figure>\n\n\n\n<p style=\"text-align: center;\"><strong><span style=\"color: #99cc00;\">\u201eEs ist nicht genug zu wissen, man muss es auch anwenden.<\/span><\/strong><\/p><p style=\"text-align: center;\"><strong><\/strong><strong><span style=\"color: #99cc00;\">Es ist nicht genug zu wollen, man muss es auch tun.\u201c<\/span><\/strong><\/p><p style=\"text-align: center;\"><strong>Zitat von  Johann Wolfgang von Goethe<\/strong><\/p><p style=\"text-align: center;\"><strong><\/strong><\/p><strong>\n&nbsp;<\/strong>\n","protected":false},"excerpt":{"rendered":"<p>Ein&nbsp;Prinzip oder im Plural&nbsp;&#8222;Prinzipien&#8220; und von&nbsp;lateinischen principium, ist der Anfang, Beginn, Grundsatz abgeleitet. Es stellt eine gegebene Gesetzm\u00e4\u00dfigkeit dar, die anderen Gesetzm\u00e4\u00dfigkeiten \u00fcbergeordnet ist. Wobei auch der Begriff Gesetzm\u00e4\u00dfigkeit ersetzbar&#8230; <a class=\"read-more\" href=\"https:\/\/huberpower.com\/wordpress\/?page_id=22540\">[Weiterlesen]<\/a><\/p>\n","protected":false},"author":4,"featured_media":22392,"parent":0,"menu_order":0,"comment_status":"closed","ping_status":"closed","template":"","meta":{"_crdt_document":"","footnotes":""},"class_list":["post-22540","page","type-page","status-publish","has-post-thumbnail","hentry"],"_links":{"self":[{"href":"https:\/\/huberpower.com\/wordpress\/index.php?rest_route=\/wp\/v2\/pages\/22540","targetHints":{"allow":["GET"]}}],"collection":[{"href":"https:\/\/huberpower.com\/wordpress\/index.php?rest_route=\/wp\/v2\/pages"}],"about":[{"href":"https:\/\/huberpower.com\/wordpress\/index.php?rest_route=\/wp\/v2\/types\/page"}],"author":[{"embeddable":true,"href":"https:\/\/huberpower.com\/wordpress\/index.php?rest_route=\/wp\/v2\/users\/4"}],"replies":[{"embeddable":true,"href":"https:\/\/huberpower.com\/wordpress\/index.php?rest_route=%2Fwp%2Fv2%2Fcomments&post=22540"}],"version-history":[{"count":4,"href":"https:\/\/huberpower.com\/wordpress\/index.php?rest_route=\/wp\/v2\/pages\/22540\/revisions"}],"predecessor-version":[{"id":37898,"href":"https:\/\/huberpower.com\/wordpress\/index.php?rest_route=\/wp\/v2\/pages\/22540\/revisions\/37898"}],"wp:featuredmedia":[{"embeddable":true,"href":"https:\/\/huberpower.com\/wordpress\/index.php?rest_route=\/wp\/v2\/media\/22392"}],"wp:attachment":[{"href":"https:\/\/huberpower.com\/wordpress\/index.php?rest_route=%2Fwp%2Fv2%2Fmedia&parent=22540"}],"curies":[{"name":"wp","href":"https:\/\/api.w.org\/{rel}","templated":true}]}}