{"id":22435,"date":"2022-08-14T10:07:51","date_gmt":"2022-08-14T08:07:51","guid":{"rendered":"http:\/\/huberpower.com\/wordpress\/?page_id=22435"},"modified":"2024-03-25T14:37:36","modified_gmt":"2024-03-25T13:37:36","slug":"mission","status":"publish","type":"page","link":"https:\/\/huberpower.com\/wordpress\/?page_id=22435","title":{"rendered":"MISSION STATMENT"},"content":{"rendered":"\n<p class=\"wp-block-paragraph\">F\u00fcr uns steht nicht die Entnahme von Fischen im Vordergrund, sondern das Erleben von intakten Gew\u00e4sserlandschaften und deren Lebensgemeinschaften. In unseren Revieren erfolgt grunds\u00e4tzlich kein Besatz. Die Bewirtschaftung bietet uns die M\u00f6glichkeit, unsere Vorstellungen hinsichtlich Lebensraumerhebungen, Untersuchungen von verschiedenen Organismengruppen (Muscheln, Krebse, etc.) aber auch unserer fischereilichen Anschauung zu verfolgen.\u00a0Wir haben das Gl\u00fcck, gen\u00fcgend Mitglieder zu haben, die unsere Philosophie des fischereilichen Managements von Gew\u00e4ssern teilen.<\/p>\n\n\n\n<h2 class=\"wp-block-heading\">Fliegenfischer Weidgerecht (FFW) Mission<\/h2>\n\n\n\n<ul class=\"wp-block-list\"><li>Wir bekennen uns zu schonenden und ethisch vertretbaren Nutzung von Wildfischpopulationen.<\/li><li>Wir bewirtschaften unsere Reviere ohne Besatz zur Steigerung der fischereilichen Attraktivit\u00e4t; sollte Besatz n\u00f6tig werden, bedienen wir uns alternativer Bewirtschaftungsmethoden.<\/li><li>Besatz mit &#8222;Zuchtfischen&#8220; wird seit Jahren nicht mehr durchgef\u00fchrt. Unser Ziel in der Bewirtschaftung ist selbstreproduzierende Fischbest\u00e4nde im Gew\u00e4sser zu haben und deren Fortpflanzung durch einen geringen Befischungsdruck und unsere FFW-Fischereiordnung bestm\u00f6glich zu regeln.<\/li><li>Bachforellen haben wir keine mehr im Gew\u00e4ssersystem der Oberen Traun und werden daher, solange die Situation der PDS-Krankheit (Proliferative Darkening Syndrom) nicht gekl\u00e4rt ist, auch nicht mehr gef\u00f6rdert. <\/li><li>Wir wollen durch unsere FFW-Fischeiordnung auch die Entnahmemengen an die nat\u00fcrliche Ertragsf\u00e4higkeit unseres Gew\u00e4ssers anpassen.<\/li><li>Wir f\u00fchren periodische Erhebungen des Fischbestandes durch \u2013 die Ergebnisse leiten die Festlegung der FFW-Fischereiordnung.<\/li><li>Die Fliegenfischerei ist f\u00fcr uns eine der sch\u00f6nsten und (ent-)spannendsten M\u00f6glichkeiten, Natur zu erleben.<\/li><li>Die Entnahme von Fischen steht f\u00fcr uns nicht im Vordergrund, sondern das Erleben von intakten Gew\u00e4sserlandschaften und Lebensraum.<\/li><li>Wir sehen unsere Arbeit als aktiven Beitrag zu Schutz von Gew\u00e4ssern, aquatischen Organismen und genetischen Ressourcen.<\/li><li>Wir engagieren uns f\u00fcr nachhaltige Verbesserungen von Flie\u00dfgew\u00e4sserlebensr\u00e4umen.<\/li><li>Wir f\u00fchlen uns seltenen und bedrohten Arten, vor allem den heimischen Fischen, Krebsen und Muscheln, in besonderem Ma\u00dfe verpflichtet.<\/li><li>Wir respektieren alle fischfressenden Tierarten, erfreuen uns an ihrem Anblick und bem\u00fchen uns um konstruktive L\u00f6sungen um Spannungsfeld zwischen tierischen und menschlichen Nutzungsinteressen.<\/li><li>Wir evaluieren und adaptieren unsere Bewirtschaftungsform auf Basis wissenschaftlicher Studien.<\/li><li>Wir kommunizieren die Ergebnisse unserer Bewirtschaftung im Verein und in pers\u00f6nlichen Gespr\u00e4chen mit Gleichgesinnten.<\/li><li>Wir wollen unseren Verein als Gruppe gleichgesinnter Fliegenfischer etablieren \u2013 Kooperationen mit anderen Personen, Organisationen oder Vereinen sollen zur Verbreitung unserer Ideen beitragen.<\/li><\/ul>\n\n\n\n<p class=\"wp-block-paragraph\">Wir wenden uns nicht nur an aktive Fischer, gern hei\u00dfen wir auch Interessierte ohne aktive fischereiliche Ambitionen willkommen. Personen, die sich dem Schutz unserer Flie\u00dfgew\u00e4sser, der Fischaufzucht im Brut Haus vom Fischereirevier oder als Fischereischutzorgan verschrieben haben, werden sich in unserem Verein wiederfinden. Wir sehen unsere Arbeit als aktiven Beitrag zum Schutz von Gew\u00e4ssern, aquatischen Organismen und genetischen Ressourcen.\u200b<\/p>\n\n\n\n<p class=\"wp-block-paragraph\">Auch an anderen Organismengruppen Interessierte m\u00f6chten wir f\u00fcr unsere Vereinsarbeit gewinnen.\u00a0Wir f\u00fchlen uns seltenen und bedrohten Arten, vor allem den heimischen Fischen, Krebsen und Muscheln, in besonderem Ma\u00dfe verpflichtet.<\/p>\n\n\n\n<p class=\"wp-block-paragraph\">Bitte nehmen Sie mit uns bez\u00fcglich einem Beitritt\u00a0<a href=\"https:\/\/huberpower.com\/wordpress\/?page_id=21953\" target=\"_blank\" rel=\"noreferrer noopener\">Kontakt<\/a>\u00a0auf. Der Vorstand beh\u00e4lt sich vor, \u00fcber Ihre Aufnahme in den Verein zu entscheiden.<\/p>\n\n\n\n<p style=\"text-align: center;\"><span style=\"color: #99cc00;\"><strong>\nAngeln hei\u00dft nicht Fische fangen, sondern Angeln hei\u00dft Erleben!<\/strong>\n<p style=\"text-align: center;\">Zitat von Norbert Eipeltauer<\/p><\/span><\/p>\n<p style=\"text-align: center;\"><\/p>\n&nbsp;\n\n","protected":false},"excerpt":{"rendered":"<p>F\u00fcr uns steht nicht die Entnahme von Fischen im Vordergrund, sondern das Erleben von intakten Gew\u00e4sserlandschaften und deren Lebensgemeinschaften. In unseren Revieren erfolgt grunds\u00e4tzlich kein Besatz. Die Bewirtschaftung bietet uns&#8230; <a class=\"read-more\" href=\"https:\/\/huberpower.com\/wordpress\/?page_id=22435\">[Weiterlesen]<\/a><\/p>\n","protected":false},"author":4,"featured_media":22039,"parent":0,"menu_order":0,"comment_status":"closed","ping_status":"closed","template":"","meta":{"_crdt_document":"","footnotes":""},"class_list":["post-22435","page","type-page","status-publish","has-post-thumbnail","hentry"],"_links":{"self":[{"href":"https:\/\/huberpower.com\/wordpress\/index.php?rest_route=\/wp\/v2\/pages\/22435","targetHints":{"allow":["GET"]}}],"collection":[{"href":"https:\/\/huberpower.com\/wordpress\/index.php?rest_route=\/wp\/v2\/pages"}],"about":[{"href":"https:\/\/huberpower.com\/wordpress\/index.php?rest_route=\/wp\/v2\/types\/page"}],"author":[{"embeddable":true,"href":"https:\/\/huberpower.com\/wordpress\/index.php?rest_route=\/wp\/v2\/users\/4"}],"replies":[{"embeddable":true,"href":"https:\/\/huberpower.com\/wordpress\/index.php?rest_route=%2Fwp%2Fv2%2Fcomments&post=22435"}],"version-history":[{"count":2,"href":"https:\/\/huberpower.com\/wordpress\/index.php?rest_route=\/wp\/v2\/pages\/22435\/revisions"}],"predecessor-version":[{"id":31492,"href":"https:\/\/huberpower.com\/wordpress\/index.php?rest_route=\/wp\/v2\/pages\/22435\/revisions\/31492"}],"wp:featuredmedia":[{"embeddable":true,"href":"https:\/\/huberpower.com\/wordpress\/index.php?rest_route=\/wp\/v2\/media\/22039"}],"wp:attachment":[{"href":"https:\/\/huberpower.com\/wordpress\/index.php?rest_route=%2Fwp%2Fv2%2Fmedia&parent=22435"}],"curies":[{"name":"wp","href":"https:\/\/api.w.org\/{rel}","templated":true}]}}