{"id":22078,"date":"2022-07-26T09:30:17","date_gmt":"2022-07-26T07:30:17","guid":{"rendered":"http:\/\/huberpower.com\/wordpress\/?page_id=22078"},"modified":"2025-07-10T01:05:23","modified_gmt":"2025-07-09T23:05:23","slug":"weidgerecht-fliegenfischen-fliegenfischer-weidgerecht","status":"publish","type":"page","link":"https:\/\/huberpower.com\/wordpress\/?page_id=22078","title":{"rendered":"WEIDGERECHT FLIEGENFISCHEN &#8211; FLIEGENFISCHER WEIDGERECHT"},"content":{"rendered":"\n<p class=\"wp-block-paragraph\">Es ist, wenn es das Einzige\u00a0ist was z\u00e4hlt, die Anzahlen von gefangen Fischen sein soll&#8230;\u00a0<strong><mark style=\"background-color:rgba(0, 0, 0, 0)\" class=\"has-inline-color has-luminous-vivid-orange-color\">Im Jahr 1936 sagte der verstorbene, gro\u00dfe Lee Wulff: \u201eWildfische sind zu wertvoll, um nur einmal gefangen zu werden\u201c, und die \u201eCatch-and-Release\u201c-Bewegung war geboren.\u00a0<\/mark><\/strong><\/p>\n\n\n\n<p class=\"wp-block-paragraph\">Ich bin ein Catch-and-Release-Fliegenfischer, zumindest was \u00c4schen und Forellen angeht.&nbsp;Ich habe seit 20 Jahren oder l\u00e4nger keine \u00c4sche mehr abgeschlagen, aber bitte verstehen Sie das auf keinen Fall als &#8222;tugendhaftes Signal&#8220; des Fliegenfischens.&nbsp;Die ehrliche Wahrheit ist, dass ich keine \u00c4schen esse und <strong><mark style=\"background-color:rgba(0, 0, 0, 0)\" class=\"has-inline-color has-luminous-vivid-orange-color\">vor allem, wenn man wei\u00df wie viele hundert Stunden einige von uns, per anno in den Erhalt der \u00c4schen Populationen im Salzkammergut investieren<\/mark><\/strong>,&nbsp;dann geht es einen wie einen Konditor mit S\u00fc\u00dfspeisen. Warum fischt man dann darauf? Weil ich es mag, sie in einer herrlichen Natur mit einer Kunstfliegen-Imitation auszutricksen und sie zu kurz drillen.&nbsp;Un bei den wenigen die wir haben, geh\u00f6rt sie wieder in den Fluss zur\u00fcck um sich fortzupflanzen und ein anderer Fischerkollege\/in m\u00f6chte dieses Erlebnis beim Fliegenfischen auch haben und deshalb bin ich daf\u00fcr, dass wir unter schonendsten Bedingungen Fische fangen und.wieder frei lassen. Aber nicht nur &#8230;.&nbsp;<\/p>\n\n\n\n\n\n<h2 class=\"wp-block-heading\">Wird Catch-and-Release-Angeln \u00fcberbewertet?<\/h2>\n\n\n\n<p class=\"wp-block-paragraph\">Um es festzuhalten, ich habe \u00fcberhaupt kein Problem mit Anglern,&nbsp;die gerne Fische essen, solange sie sich an die Regeln des Flusses halten.&nbsp;Um es klar zu sagen, wenn Sie ein <strong><mark style=\"background-color:rgba(0, 0, 0, 0)\" class=\"has-inline-color has-luminous-vivid-orange-color\">&#8222;Catch-and-Release-Fliegenfischer&#8220;<\/mark><\/strong> sind, sind Drillinge definitiv schlecht, weil sie den Fisch weit mehr sch\u00e4digen als ein <strong><mark style=\"background-color:rgba(0, 0, 0, 0)\" class=\"has-inline-color has-luminous-vivid-orange-color\">einzelner Haken ohne Widerhaken<\/mark><\/strong>.&nbsp;Aber sicherlich ist nicht jeder Fliegenfischer verpflichtet, Catch-and-Release zu akzeptieren, und einige der leidenschaftlichsten \u201eNatursch\u00fctzer\u201c, die ich kenne, fangen gerne ein Paar Regenbogenforellen und legen sie auf den Grill. Auch ich mache das und selche mir gerne ein paar Forellen. Es m\u00fcssen jedoch nicht unsere &#8222;Mutterfische&#8220; mit +50cm sein, die daf\u00fcr sorgen, dass wir eine selbstreproduzierendes Eigenaufkommen haben. <\/p>\n\n\n<div class=\"wp-block-image\">\n<figure class=\"alignleft size-large\"><img loading=\"lazy\" decoding=\"async\" width=\"1024\" height=\"336\" src=\"https:\/\/huberpower.com\/wordpress\/wp-content\/uploads\/2022\/07\/image-70-1024x336.png\" alt=\"\" class=\"wp-image-22043\" srcset=\"https:\/\/huberpower.com\/wordpress\/wp-content\/uploads\/2022\/07\/image-70-1024x336.png 1024w, https:\/\/huberpower.com\/wordpress\/wp-content\/uploads\/2022\/07\/image-70-450x148.png 450w, https:\/\/huberpower.com\/wordpress\/wp-content\/uploads\/2022\/07\/image-70-1536x504.png 1536w, https:\/\/huberpower.com\/wordpress\/wp-content\/uploads\/2022\/07\/image-70-2048x672.png 2048w\" sizes=\"auto, (max-width: 1024px) 100vw, 1024px\" \/><figcaption class=\"wp-element-caption\">Mit unserer K\u00fcchenfenster Regelung sch\u00fctzen wir unsere gro\u00dfen Fische, die ganz einfach, wissenschaftlich erwiesen, wesentlich produktiver im Gew\u00e4sser sind und wir dadurch seit Jahren keinen Fischbesatz mit Zuchtfischen mehr durchf\u00fchren m\u00fcssen. Es ist ganz einfach schade solche Naturfische, die mit ihren an unserer Gew\u00e4ssersystem angepassten Gene f\u00fcr eine hohe Reproduktion sorgen, zu t\u00f6ten!    <\/figcaption><\/figure>\n<\/div>\n\n\n<h2 class=\"wp-block-heading\">Der weidgerechte Umgang mit unseren Fischen<\/h2>\n\n\n\n<p class=\"wp-block-paragraph\">Es gibt viele wissenschaftliche Untersuchungen \u00fcber das Schmerzentfinden von Fischen und Catch-and-Release ist auch nicht das Allheilmittel und wir werden es laufend genau untersuchen, um herauszufinden, was es n\u00fctzt\u2026 weil ich denke, die Auswirkungen der Leute, die ihr Gewissen reinigen und eine \u201eErhaltung\u201c unserer Fischbest\u00e4nde beanspruchen um Dutzende gefangene Fische zur\u00fcck in den Fluss zu werfen, kann manchmal sogar negativere Auswirkungen haben, als der Fliegenfischer, der ab und zu ein paar Wildfische mit nimmt.<\/p>\n\n\n\n<h2 class=\"wp-block-heading\">Umfeld <\/h2>\n\n\n\n<p class=\"wp-block-paragraph\">Bevor wir jedoch in diese Diskussion eintauchen, lassen Sie uns eine andere harte Wahrheit ins Auge fassen: Manche Leute haben grundlegende ethische Probleme mit Catch-and-Release.&nbsp;Ist Catch-and-Release wirklich eine \u00dcbung, bei der Fische immer wieder gequ\u00e4lt werden?&nbsp;In einige L\u00e4nder wird vorgeschrieben, dass ein gefangener Fisch so schnell wie m\u00f6glich auf humane Art und Weise get\u00f6tet werden m\u00fcssen und es m\u00fcssen Kurse besucht werden, um herauszufinden, wie man einen Fisch t\u00f6tet, bevor sie \u00fcberhaupt einen Angelschein erhalten.&nbsp;<\/p>\n\n\n\n<p class=\"wp-block-paragraph\">Ich erinnere mich auch an lange, nachdenkliche Gespr\u00e4che mit meiner Tochter als Biologiestudentin,&nbsp;der es wirklich schwer fiel zu verstehen, dass <strong><mark style=\"background-color:rgba(0, 0, 0, 0)\" class=\"has-inline-color has-luminous-vivid-orange-color\">Catch-and-Release nicht gleichbedeutend mit \u201eSpielen mit dem Essen\u201c<\/mark><\/strong> ist.&nbsp;Ich hatte damals nicht alle Antworten, und ich habe auch jetzt nicht die umfassende Auskunft dazu.<\/p>\n\n\n<div class=\"wp-block-image\">\n<figure class=\"alignleft size-full\"><img loading=\"lazy\" decoding=\"async\" width=\"1024\" height=\"733\" src=\"https:\/\/huberpower.com\/wordpress\/wp-content\/uploads\/2023\/04\/image-23.png\" alt=\"\" class=\"wp-image-25045\" srcset=\"https:\/\/huberpower.com\/wordpress\/wp-content\/uploads\/2023\/04\/image-23.png 1024w, https:\/\/huberpower.com\/wordpress\/wp-content\/uploads\/2023\/04\/image-23-447x320.png 447w\" sizes=\"auto, (max-width: 1024px) 100vw, 1024px\" \/><\/figure>\n<\/div>\n\n\n<h2 class=\"wp-block-heading\">Catch-and-Release ist nicht das Allheilmittel&nbsp;<\/h2>\n\n\n\n<p class=\"wp-block-paragraph\">Es gibt ein noch gr\u00f6\u00dferes Problem, wenn Catch-and-Release als Allheilmittel angesehen wird, obwohl es nur ein winziger Teil eines viel breiteren Mosaiks von Problemen ist, die sich letztendlich auf die \u00dcberlebensf\u00e4higkeit von Fischen in unseren Gew\u00e4ssern auswirken.<\/p>\n\n\n\n<p class=\"wp-block-paragraph\">&nbsp;<\/p>\n\n\n\n<ul class=\"wp-block-list\">\n<li>Wer einen Fisch f\u00e4ngt, ihn aus dem Wasser heben, Fotos f\u00fcr eine Minute oder l\u00e4nger macht und den Fisch dabei effektiv erstickt, was n\u00fctzt es dann, ihn wieder ins Wasser zu werfen?&nbsp;<\/li>\n\n\n\n<li>Oder, wenn man fischen geht obwohl die Wassertemperaturen zu warm sind, und die Fische beim Fangen \u00fcber das \u00dcberleben hinaus gestresst sind, was n\u00fctzt es dann, die Fische wieder ins Wasser zu setzen?&nbsp;<\/li>\n\n\n\n<li>Wenn Sie einen Kescher oder Handschuhe verwenden, oder den Fisch durch den Uferrand ziehen und den sch\u00fctzenden Schleim von einem Fisch reiben \u2026 haben Sie diesen Fisch kompromittiert, oder?<\/li>\n\n\n\n<li>Erfahrene Fliegenfischer wissen auch, dass die \u00dcberlebenschancen rapide abnehmen, je l\u00e4nger Sie mit einem Fisch k\u00e4mpfen und je mehr Stress er empfindet.&nbsp;<\/li>\n\n\n\n<li>Was n\u00fctzt es, einen Fisch zus\u00e4tzliche 20 Minuten lang zu stressen, weil man Angst hat, diesen zu fest zu drillen, weil es sich eventuell um einen Rekord-Fisch handelt?&nbsp;Ich finde das albern.<\/li>\n\n\n\n<li>Kneifst du deine Widerhaken runter?&nbsp;<\/li>\n\n\n\n<li>Wie viel schlimmer ist der Drillingshaken wirklich, wenn Sie einen einzelnen Widerhaken so tief in das Maul einer Forelle versenkt haben, dass es f\u00fcnf Minuten dauert und einige m\u00e4chtige Drehungen mit der Zange bedarf, um ihn zu entwurzeln?&nbsp;<\/li>\n<\/ul>\n\n\n\n\n\n<h2 class=\"wp-block-heading\">Es geht um einen weidgerechten Umgang <\/h2>\n\n\n\n<p class=\"wp-block-paragraph\">Der Punkt, den ich anspreche, ist, dass es Dutzende von Faktoren gibt, die beeinflussen, wie effektiv &#8222;Catch-and-Release&#8220; wirklich ist und wie sehr es nur Schaufensterdekoration ist.<\/p>\n\n\n\n<p class=\"wp-block-paragraph\">Selbst wenn es gut gemacht wird, wissen wir, dass gefangene und freigelassene Fische sterben.&nbsp;Betr\u00e4gt die tats\u00e4chliche Sterblichkeitsrate 10 Prozent?&nbsp;F\u00fcnf Prozent?&nbsp;Alle oben genannten Faktoren (und andere) beeinflussen das.&nbsp;<strong><mark style=\"background-color:rgba(0, 0, 0, 0)\" class=\"has-inline-color has-luminous-vivid-orange-color\">Ich finde in der fischereilichen Ausbildung soll dazu eine wirklich informative Coaching-Lektion an Jungfischer vermittelt werden, \u00fcber den effektiven Umgang mit gefangenem Fisch.<\/mark><\/strong> Seit heuer bin ich auch &#8222;Ausbildner&#8220; f\u00fcr die Jungfischer-Ausbildung und kann dieses im Lehrplan vorgesehene Thema ganz speziell behandeln.<\/p>\n\n\n<div class=\"wp-block-image\">\n<figure class=\"alignleft size-large\"><img loading=\"lazy\" decoding=\"async\" width=\"1024\" height=\"473\" src=\"https:\/\/huberpower.com\/wordpress\/wp-content\/uploads\/2099\/08\/Aeschen-UWasser-2019-07-21-074304-1024x473.jpg\" alt=\"\" class=\"wp-image-24273\" srcset=\"https:\/\/huberpower.com\/wordpress\/wp-content\/uploads\/2099\/08\/Aeschen-UWasser-2019-07-21-074304-1024x473.jpg 1024w, https:\/\/huberpower.com\/wordpress\/wp-content\/uploads\/2099\/08\/Aeschen-UWasser-2019-07-21-074304-450x208.jpg 450w, https:\/\/huberpower.com\/wordpress\/wp-content\/uploads\/2099\/08\/Aeschen-UWasser-2019-07-21-074304.jpg 1116w\" sizes=\"auto, (max-width: 1024px) 100vw, 1024px\" \/><\/figure>\n<\/div>\n\n\n<h2 class=\"wp-block-heading\">Umfeld Gew\u00e4sser und Fischbest\u00e4nde    <\/h2>\n\n\n\n<p class=\"wp-block-paragraph\">Durch meine in der Zwischenzeit Jahrzehnte lange Praxis in der Gew\u00e4sserbewirtschaftung, war ich auch dabei, bei einem steilen R\u00fcckgang der Fische. Hunderte toter Bachforellen sind im Sommer eines Jahres, die Obere Traun hinunter geschwommen und zuvor haben sich die \u00c4schen Best\u00e4nde um 80-90% reduziert. Viele Ursachen haben dazu gef\u00fchrt, dass sich unsere Fischbest\u00e4nde so stark reduziert haben. &nbsp;<\/p>\n\n\n\n<p class=\"wp-block-paragraph\"><strong><mark style=\"background-color:rgba(0, 0, 0, 0)\" class=\"has-inline-color has-luminous-vivid-orange-color\">Wir haben drauf reagiert und an vielen Schr\u00e4ubchen gedreht und in unserer Gemeinschaft &#8222;Fliegenfischer Weidgerecht&#8220; konnte ich wirklich coole Dinge tun und Ma\u00dfnahmen in der Gew\u00e4sserbewirtschaftung setzten. Auch die Ma\u00dfnahmen vom Gew\u00e4sserbezirk um Fisch Lebensr\u00e4ume zu verbessern und wiederherzustellen halfen mit um eine selbst reproduzierende Fischpopulationen aufzubauen und zu entwickeln. Wir sehen, dass wir auf einen guten Weg sind. Es ist jedoch noch viel zu tun.  &nbsp;<\/mark><\/strong><\/p>\n\n\n\n<p class=\"wp-block-paragraph\">So gibt es viele Dinge, die man nicht direkt beeinflussen kann und so haben wir lange und intensiv dar\u00fcber nachgedacht und diskutiert und der Ausweg an dieser Stelle besteht darin, Fliegenfischer Kollegen\/innen zu ermutigen, nur ein paar Fische zu fangen. Den Befischungsdruck gering zu halten. Der Ma\u00dfstab f\u00fcr den Erfolg darf nicht in 20- und mehr Fische\/Tag liegen. Ich wei\u00df\u2026 \u201ewie viele\u201c und \u201ewie gro\u00df\u201c sind die einzigen Fragen, die beim Fischen seit Jahrhunderten von Bedeutung sind.&nbsp;Der Versuch, dieses Paradigma zu \u00e4ndern, ist schwierig und wird die Einstellung jedes einzelnen ver\u00e4ndern m\u00fcssen. &nbsp;<\/p>\n\n\n\n<p class=\"wp-block-paragraph\">Aber wir von &#8222;Fliegenfischer Weidgerecht&#8220; haben es schon vor vielen Jahren in unseren Vereinsnamen integriert. Bei uns gibt es keine Tageskarten. Die meisten unserer Mitglieder fischen nur ein paar Stunden und sind nicht 12 Stunden oder mehr am Wasser.   Wir haben eine Beschr\u00e4nkung in der Mitglieder Anzahl und wir passen laufend unsere &#8222;FFW-Fischereiordnung&#8220; an.  <\/p>\n\n\n\n<p class=\"wp-block-paragraph\">Die Quintessenz ist, dass unsere Flussressourcen immer h\u00e4rter unter Druck stehen als je zuvor und die Anzahl der Angler im Allgemeinen, Bootfahrer, Taucher, Badeg\u00e4ste, Wasserentnahmen, Wasserbauma\u00dfnahmen und andere Naturnutzer an unsere Fischgew\u00e4sser dr\u00e4ngen.&nbsp;<\/p>\n\n\n\n<p class=\"wp-block-paragraph\">Als Lee Wulff \u00fcber Catch-and-Release sprach, war das eine andere Zeit \u2026 eine andere Art des Angelns.&nbsp;<\/p>\n\n\n\n<p class=\"wp-block-paragraph\">Wir m\u00fcssen schlauer sein.&nbsp;Vor allem jetzt.&nbsp;Wenn es um das&nbsp;Teilen unserer attraktiven Gew\u00e4sser im Salzkammergut geht und wenn &#8222;Sharing&#8220; Teil der Erhaltung und des Aufbau unserer Fischbest\u00e4nde ist, m\u00fcssen wir einen Blick&nbsp;auf das ganze Bild haben. &nbsp;<\/p>\n\n\n\n<p class=\"wp-block-paragraph\">Davon wird buchst\u00e4blich die Zukunft des Fliegenfischens abh\u00e4ngen.&nbsp;<\/p>\n\n\n\n<p class=\"wp-block-paragraph\">Heimo Huber, August 2022 (Bewirtschafter der Ischler Traun und Obmann vom &#8222;Fischereirevier Oberes Salzkammergut&#8220; <\/p>\n\n\n\n<figure class=\"wp-block-embed is-type-wp-embed is-provider-fischereimanagement-salzkammergut wp-block-embed-fischereimanagement-salzkammergut\"><div class=\"wp-block-embed__wrapper\">\n<blockquote class=\"wp-embedded-content\" data-secret=\"7VKQDzDNOZ\"><a href=\"https:\/\/huberpower.com\/wordpress\/?page_id=21953\">FFW<\/a><\/blockquote><iframe loading=\"lazy\" class=\"wp-embedded-content\" sandbox=\"allow-scripts\" security=\"restricted\" style=\"position: absolute; visibility: hidden;\" title=\"&#8222;FFW&#8220; &#8212; Fischereimanagement Salzkammergut\" src=\"https:\/\/huberpower.com\/wordpress\/?page_id=21953&#038;embed=true#?secret=6xuBkVzot0#?secret=7VKQDzDNOZ\" data-secret=\"7VKQDzDNOZ\" width=\"600\" height=\"338\" frameborder=\"0\" marginwidth=\"0\" marginheight=\"0\" scrolling=\"no\"><\/iframe>\n<\/div><figcaption class=\"wp-element-caption\">\u201e<strong><mark>Fliegenfischer Weidgerecht<\/mark><\/strong>\u201c gibt es als eingetragenen Verein seit 1986. Seit Anbeginn haben wir einen Eisvogel im Vereins-Logo. Als Verein eingetragen am 10.01.1986 unter \u201e<strong><mark>Angelverein Weidgerecht Steyr<\/mark><\/strong>\u201c und erst im Zuge der geografischen Verlagerung ins Salzkammergut auf \u201e<strong><mark>Fliegenfischer Weidgerecht<\/mark><\/strong>\u201c (FFW) umbenannt.<\/figcaption><\/figure>\n\n\n\n<figure class=\"wp-block-embed is-type-wp-embed is-provider-fischereimanagement-salzkammergut wp-block-embed-fischereimanagement-salzkammergut\"><div class=\"wp-block-embed__wrapper\">\n<blockquote class=\"wp-embedded-content\" data-secret=\"R6WWPVIv7v\"><a href=\"https:\/\/huberpower.com\/wordpress\/?page_id=22540\">PRINZIPIEN UND RICHTLINIEN<\/a><\/blockquote><iframe loading=\"lazy\" class=\"wp-embedded-content\" sandbox=\"allow-scripts\" security=\"restricted\" style=\"position: absolute; visibility: hidden;\" title=\"&#8222;PRINZIPIEN UND RICHTLINIEN&#8220; &#8212; Fischereimanagement Salzkammergut\" src=\"https:\/\/huberpower.com\/wordpress\/?page_id=22540&#038;embed=true#?secret=jh5T35xzQc#?secret=R6WWPVIv7v\" data-secret=\"R6WWPVIv7v\" width=\"600\" height=\"338\" frameborder=\"0\" marginwidth=\"0\" marginheight=\"0\" scrolling=\"no\"><\/iframe>\n<\/div><figcaption class=\"wp-element-caption\">Ein\u00a0<strong>Prinzip<\/strong>\u00a0oder im Plural\u00a0\u201e<em>Prinzipien\u201c<\/em>\u00a0und von\u00a0lateinischen\u00a0<em>principium<\/em>, ist der Anfang, Beginn, Grundsatz abgeleitet. Es stellt eine gegebene Gesetzm\u00e4\u00dfigkeit dar, die anderen Gesetzm\u00e4\u00dfigkeiten \u00fcbergeordnet ist. Wobei auch der Begriff Gesetzm\u00e4\u00dfigkeit ersetzbar ist durch Begriffe wie Gesetz, Naturgesetz, Regel, Richtlinie, Verhaltensrichtlinie,\u00a0Grundsatz\u00a0oder\u00a0Postulat. Im klassischen Sinne steht das Prinzip zwingend an oberster Stelle, und ist eine Verkettung von Gesetzen und Regeln.<\/figcaption><\/figure>\n\n\n\n<p style=\"text-align: center;\"><span style=\"color: #99cc00;\"><strong>\u201eDie Angelfischerei in \u00d6sterreich ist eine bedeutende sozio-\u00f6konomische Kraft,<p style=\"text-align: center;\"><span style=\"color: #99cc00;\"><strong>die Erholung, Gesundheit, \u00f6konomischen Wert und Umweltschutz f\u00f6rdert.\u201c<p style=\"text-align: center;\">Zitat aus der \u00d6KF-Studie<\/p><\/strong><\/span><\/p><p style=\"text-align: center;\"><img loading=\"lazy\" decoding=\"async\" class=\"aligncenter size-full wp-image-121\" title=\"20080303_17463_Home 250x Fisherman is Home_3333_bearbeitet-1\" src=\"https:\/\/huberpower.com\/wordpress\/wp-content\/uploads\/2012\/07\/20080303_17463_Home-250x-Fisherman-is-Home_3333_bearbeitet-1.jpg\" alt=\"\" width=\"208\" height=\"243\" \/><\/p>\n&nbsp; <p style=\"text-align: center;\"><span style=\"color: #99cc00;\">\n<\/span><\/p>\n<\/strong><\/span><\/p>","protected":false},"excerpt":{"rendered":"<p>Es ist, wenn es das Einzige\u00a0ist was z\u00e4hlt, die Anzahlen von gefangen Fischen sein soll&#8230;\u00a0Im Jahr 1936 sagte der verstorbene, gro\u00dfe Lee Wulff: \u201eWildfische sind zu wertvoll, um nur einmal&#8230; <a class=\"read-more\" href=\"https:\/\/huberpower.com\/wordpress\/?page_id=22078\">[Weiterlesen]<\/a><\/p>\n","protected":false},"author":4,"featured_media":22039,"parent":0,"menu_order":0,"comment_status":"closed","ping_status":"closed","template":"","meta":{"_crdt_document":"","footnotes":""},"class_list":["post-22078","page","type-page","status-publish","has-post-thumbnail","hentry"],"_links":{"self":[{"href":"https:\/\/huberpower.com\/wordpress\/index.php?rest_route=\/wp\/v2\/pages\/22078","targetHints":{"allow":["GET"]}}],"collection":[{"href":"https:\/\/huberpower.com\/wordpress\/index.php?rest_route=\/wp\/v2\/pages"}],"about":[{"href":"https:\/\/huberpower.com\/wordpress\/index.php?rest_route=\/wp\/v2\/types\/page"}],"author":[{"embeddable":true,"href":"https:\/\/huberpower.com\/wordpress\/index.php?rest_route=\/wp\/v2\/users\/4"}],"replies":[{"embeddable":true,"href":"https:\/\/huberpower.com\/wordpress\/index.php?rest_route=%2Fwp%2Fv2%2Fcomments&post=22078"}],"version-history":[{"count":14,"href":"https:\/\/huberpower.com\/wordpress\/index.php?rest_route=\/wp\/v2\/pages\/22078\/revisions"}],"predecessor-version":[{"id":38846,"href":"https:\/\/huberpower.com\/wordpress\/index.php?rest_route=\/wp\/v2\/pages\/22078\/revisions\/38846"}],"wp:featuredmedia":[{"embeddable":true,"href":"https:\/\/huberpower.com\/wordpress\/index.php?rest_route=\/wp\/v2\/media\/22039"}],"wp:attachment":[{"href":"https:\/\/huberpower.com\/wordpress\/index.php?rest_route=%2Fwp%2Fv2%2Fmedia&parent=22078"}],"curies":[{"name":"wp","href":"https:\/\/api.w.org\/{rel}","templated":true}]}}