{"id":21970,"date":"2021-12-10T18:05:00","date_gmt":"2021-12-10T17:05:00","guid":{"rendered":"http:\/\/huberpower.com\/wordpress\/?page_id=21970"},"modified":"2024-12-26T00:31:33","modified_gmt":"2024-12-25T23:31:33","slug":"in-gedenken-an-mag-hans-peersdorfer","status":"publish","type":"page","link":"https:\/\/huberpower.com\/wordpress\/?page_id=21970","title":{"rendered":"IN MEMORIAM MAG. HANS PEHERSTORFER"},"content":{"rendered":"\n<p class=\"wp-block-paragraph\">Kennenlernen braucht Zeit, schrieb Hans in seinen Blog www.soulfishing.eu. Das man ein Wasser, das man schon einige Zeit befischt, jedoch manche Stellen gar nicht kennt, weil man einfach immer die gleichen Stellen fischt. Man denkt sich zwar oft, dass man da oder dort auch hinschauen sollte, geht aber am Ende lieber auf Nummer sicher und fischt die \u201eKlassiker\u201c ab. Einfach um die kostbare Zeit nicht zu vergeuden, weil man am Ende herausfindet, dass der neue Platz eh nix kann, nur m\u00fchsame Kraxelei hinf\u00fchrt oder die andere Seite die bessere w\u00e4re\u2026<\/p>\n\n\n\n<figure class=\"wp-block-image size-full is-resized\"><img loading=\"lazy\" decoding=\"async\" src=\"https:\/\/huberpower.com\/wordpress\/wp-content\/uploads\/2022\/07\/image-59.png\" alt=\"\" class=\"wp-image-21975\" width=\"842\" height=\"644\" srcset=\"https:\/\/huberpower.com\/wordpress\/wp-content\/uploads\/2022\/07\/image-59.png 594w, https:\/\/huberpower.com\/wordpress\/wp-content\/uploads\/2022\/07\/image-59-419x320.png 419w\" sizes=\"auto, (max-width: 842px) 100vw, 842px\" \/><figcaption class=\"wp-element-caption\"> Hans Peherstorfer, ein &#8222;Weidgerechter Fliegenfischer&#8220; ist von uns gegangen. <\/figcaption><\/figure>\n\n\n\n<p class=\"wp-block-paragraph\">Leider ist Hans Peherstorfer am \u2020 1.12.2021, bei einer seiner liebsten Besch\u00e4ftigungen, dem Fliegenfischen, ums Leben gekommen. Viel zu fr\u00fche m\u00fcssen wir von unseren Mitglied Mag. Hans Peherstorfer verabschieden, der v\u00f6llig unerwartet im 43. Lebensjahr auf tragische Weise verungl\u00fcckt ist. Er war nicht nur begeisterter Fliegenfischer, sondern auch ein sehr engagiertes Vorstandsmitglied im Ober\u00f6sterreichischen Landesfischereiverein. Dabei setzte er sich zuletzt u. a. f\u00fcr ein Management des G\u00e4nses\u00e4gers ein, indem er sein Fachwissen als Rechtsanwalt gekonnt einbringen konnte. <\/p>\n\n\n\n<figure class=\"wp-block-image size-large\"><img loading=\"lazy\" decoding=\"async\" width=\"1024\" height=\"739\" src=\"https:\/\/huberpower.com\/wordpress\/wp-content\/uploads\/2022\/08\/image-90-1024x739.png\" alt=\"\" class=\"wp-image-22840\" srcset=\"https:\/\/huberpower.com\/wordpress\/wp-content\/uploads\/2022\/08\/image-90-1024x739.png 1024w, https:\/\/huberpower.com\/wordpress\/wp-content\/uploads\/2022\/08\/image-90-444x320.png 444w, https:\/\/huberpower.com\/wordpress\/wp-content\/uploads\/2022\/08\/image-90-1536x1108.png 1536w, https:\/\/huberpower.com\/wordpress\/wp-content\/uploads\/2022\/08\/image-90.png 1615w\" sizes=\"auto, (max-width: 1024px) 100vw, 1024px\" \/><figcaption class=\"wp-element-caption\">Er liebte die &#8222;Kaiser Traun&#8220; und war ein begnadeter Fliegenfischer, der es auch verstand, die gro\u00dfen zu fangen und ihnen wieder die Freiheit zu schenken. (Foto: HMP)<\/figcaption><\/figure>\n\n\n\n<h2 class=\"wp-block-heading\">DOCH ALLE LUST WILL EWIGKEIT<\/h2>\n\n\n\n<p class=\"wp-block-paragraph\">Einer seiner letzten Artikel, ver\u00f6ffentlicht am&nbsp;<time datetime=\"2021-11-21T13:10:28+01:00\">21. November 2021<\/time>&nbsp;von&nbsp;Hans Peherstorfer, auf www.soulfishing.eu.<\/p>\n\n\n\n<p class=\"wp-block-paragraph\"><em>Diesen Satz aus Friedrich Nietzsches epochalem Werk \u201eAlso sprach Zarathustra\u201c habe ich vor kurzem erstmals auf \u00d61 geh\u00f6rt, wo Konrad Pau Lissmann im Klassiktreffpunkt zu Gast war und dabei sein neuestes Buch vorstellte, das sich mit diesem Gedicht Nietzsches, denn zu Unrecht die Nazis vereinnahmten, befasst und auch diesen Titel tr\u00e4gt. Wie immer hat Lissmann hochgradig spannend \u00fcber seinen Zugang zur Musik gesprochen und nat\u00fcrlich auch die zentralen Gedanken seines letzten Werks erl\u00e4utert. <strong><mark style=\"background-color:rgba(0, 0, 0, 0)\" class=\"has-inline-color has-luminous-vivid-orange-color\">Er meinte vor allem, dass man Ewigkeit in diesem Zusammenhang nicht als Gegenteil der Verg\u00e4nglichkeit verstehen sollte, sondern als das lust- und genussvolle Sein im Moment.<\/mark><\/strong> Eins mit dem eigenen Tun und Erleben in einem dionysischen oder lustvollen Moment zu werden, sei der Gedanke, da ja eine Ewigkeit keine Verhei\u00dfung, sondern eine gef\u00e4hrliche Drohung w\u00e4re. Vielleicht kann man diese Auslegung auch ein bisschen mit den Zeilen von Hermann Hesse vergleichen, der den Wunsch formulierte <strong>\u201eEinmal zu Stein erstarren! Einmal dauern!\u201c. Dieses Zeitverst\u00e4ndnis, die so verstandene Ewigkeit ist also als die Grundlage h\u00f6chster Lebensbejahung zu verstehen. Ich finde diesen Gedanken ph\u00e4nomenal!<\/strong><\/em><\/p>\n\n\n\n<p class=\"wp-block-paragraph\"><em>Ich kann trotz allen Jammerns zum Gl\u00fcck einr\u00e4umen, dass ich diese Momente mit meinen und meiner Liebsten \u2013 aber eben auch beim Fliegenfischen immer wieder genie\u00dfen durfte.<\/em><\/p>\n\n\n\n<p class=\"wp-block-paragraph\"><strong><mark style=\"background-color:rgba(0, 0, 0, 0)\" class=\"has-inline-color has-luminous-vivid-orange-color\"><em>Gerade am vergangenen Samstag war wieder so ein Moment und ich habe wieder eine traumhafte Regenbogenforelle an meiner \u201eneuen\u201c Traun fangen d\u00fcrfen! Bevor die Wolken und der herbstliche Nebel sich noch ganz verzogen hatten, habe ich an einem \u201emeiner\u201c Pl\u00e4tze einen traumhaften Biss gehabt und bereits die erste ungest\u00fcme Flucht hat gezeigt, dass das eine Gute ist. Beim ersten Sprung konnte ich mir dann schon sicher sein, dass das ein kapitaler Fisch ist, der meine kleine Nymphe genommen hatte. Zum Gl\u00fcck hatte ich am Weg bei Erhard Loidl eine Spule des neuen Rio Fluorcarbonh besorgt und vorsorglich angekn\u00fcpft. Den Drill konnte ich daher mit mehr Selbstvertrauen f\u00fchren als zuletzt. Und ich konnte den tollen Fisch am Ende landen.<\/em><\/mark><\/strong><br \/><\/p>\n\n\n\n<figure class=\"wp-block-image size-large\"><img loading=\"lazy\" decoding=\"async\" width=\"1024\" height=\"845\" src=\"https:\/\/huberpower.com\/wordpress\/wp-content\/uploads\/2022\/07\/image-58-1024x845.png\" alt=\"\" class=\"wp-image-21971\" srcset=\"https:\/\/huberpower.com\/wordpress\/wp-content\/uploads\/2022\/07\/image-58-1024x845.png 1024w, https:\/\/huberpower.com\/wordpress\/wp-content\/uploads\/2022\/07\/image-58-388x320.png 388w, https:\/\/huberpower.com\/wordpress\/wp-content\/uploads\/2022\/07\/image-58.png 1408w\" sizes=\"auto, (max-width: 1024px) 100vw, 1024px\" \/><figcaption class=\"wp-element-caption\"><strong><mark style=\"background-color:rgba(0, 0, 0, 0)\" class=\"has-inline-color has-luminous-vivid-orange-color\">Gerade am vergangenen Samstag war wieder so ein Moment und ich habe wieder eine traumhafte Regenbogenforelle an meiner \u201eneuen\u201c Traun fangen d\u00fcrfen<\/mark><\/strong>&#8230; (Quelle: HMP)<\/figcaption><\/figure>\n\n\n\n<p class=\"wp-block-paragraph\"><em>Ich habe sie nicht vor Ort gemessen, aber auf dem Foto sieht man wieder einmal, dass die Forelle meinen Kescher v\u00f6llig abdeckt, samt Stil. Ich habe den Kescher gemessen und er hat in seiner gesamten L\u00e4nge 60cm\u2026 genauer will ich es gar nicht wissen, denn der Fisch soll noch wachsen d\u00fcrfen. Auch meinen 14er Haken hat die tolle Regenbogenforelle beinahe aufgebogen<\/em>.<\/p>\n\n\n\n<p class=\"wp-block-paragraph\"><em>Es war wieder ein grandioser Herbsttag und ich habe trotz dieses traumhaften Erlebnisses noch weiter gefischt, aber nicht mehr mit gewaltiger Verve, sonder sehr genussvoll. Ein paar nette Fische habe ich noch gefangen, aber die Stunden, in denen das Fischen Sinn macht, werden zu dieser Jahreszeit ohnehin immer k\u00fcrzer, weil die Sonne recht rasch hinter den Berggraten des H\u00f6llengebirges verschwindet und nur mehr die Spitzen der hohe Schrott anleuchtet. <strong><mark style=\"background-color:rgba(0, 0, 0, 0)\" class=\"has-inline-color has-luminous-vivid-orange-color\">Dann kann man getrost den Heimweg antreten und sich auf andere Momente der lustvollen Ewigkeit freuen.<\/mark><\/strong><\/em><\/p>\n\n\n\n<figure class=\"wp-block-image size-large\"><img loading=\"lazy\" decoding=\"async\" width=\"1024\" height=\"720\" src=\"https:\/\/huberpower.com\/wordpress\/wp-content\/uploads\/2022\/08\/image-91-1024x720.png\" alt=\"\" class=\"wp-image-22844\" srcset=\"https:\/\/huberpower.com\/wordpress\/wp-content\/uploads\/2022\/08\/image-91-1024x720.png 1024w, https:\/\/huberpower.com\/wordpress\/wp-content\/uploads\/2022\/08\/image-91-450x316.png 450w, https:\/\/huberpower.com\/wordpress\/wp-content\/uploads\/2022\/08\/image-91.png 1390w\" sizes=\"auto, (max-width: 1024px) 100vw, 1024px\" \/><figcaption class=\"wp-element-caption\">Die fertiggestellte &#8222;Turm\u00f6lgrade&#8220; konnte er leider nicht mehr in ihrer neuen Struktur befischen.<\/figcaption><\/figure>\n\n\n\n<p class=\"wp-block-paragraph\"><em>Ich habe mir auch noch die neuen gestalteten Stellen an der \u201e<a href=\"https:\/\/huberpower.com\/wordpress\/?p=13758\" target=\"_blank\" rel=\"noreferrer noopener\">Turm\u00f6lgeraden<\/a>\u201c angesehen und war wieder begeistert, weil nach einem ordentlichen Fr\u00fchjahrshochwasser dort sicher viele interessante neue Stellen entstanden sein werden!<\/em><\/p>\n\n\n\n<p class=\"wp-block-paragraph\"><em>Leider habe ich nicht mitgeschnitten, dass ich Wassertropfen auf dem Polfilter hatte und habe die Optik daher leider nicht gereinigt. Daher haben viele Bilder doch sehr gelitten. Da frage ich mich dann oft, ob mir das auch bei der Spiegelreflex passiert w\u00e4re? Zum Gl\u00fcck d\u00fcrften die Spritzer aber erst nach meinen Aufnahmen von meinem wunderbaren Fang passiert sein, sodass zumindest diese Bilder top sind! Vielleicht gefallen Euch ja ein paar\u2026<\/em><\/p>\n\n\n\n<p class=\"wp-block-paragraph\">Ich bin Dankbar daf\u00fcr, dass er mit uns ein St\u00fcck des Weges gegangen ist, und f\u00fcr die vielen ehrenamtlichen Stunden im Sinne der Fischerei, werden wir ihm ein ehrendes Andenken bewahren.<\/p>\n\n\n\n<p class=\"wp-block-paragraph\">Quelle: Einer der letzten Artikel, ver\u00f6ffentlicht am&nbsp;<time datetime=\"2021-11-21T13:10:28+01:00\">21. November 2021<\/time>&nbsp;von&nbsp;Hans Peherstorfer, auf www.soulfishing.eu<\/p>\n\n\n\n<p style=\"text-align: center;\"><span style=\"color: #99cc00;\"><strong>\nAngeln hei\u00dft nicht Fische fangen, sondern Angeln hei\u00dft Erleben!<\/strong>\n<\/span><\/p><p style=\"text-align: center;\">Zitat von Norbert Eipeltauer<\/p><p><\/p>\n<p style=\"text-align: center;\"><\/p>\n&nbsp;\n","protected":false},"excerpt":{"rendered":"<p>Kennenlernen braucht Zeit, schrieb Hans in seinen Blog www.soulfishing.eu. Das man ein Wasser, das man schon einige Zeit befischt, jedoch manche Stellen gar nicht kennt, weil man einfach immer die&#8230; <a class=\"read-more\" href=\"https:\/\/huberpower.com\/wordpress\/?page_id=21970\">[Weiterlesen]<\/a><\/p>\n","protected":false},"author":4,"featured_media":22039,"parent":0,"menu_order":0,"comment_status":"closed","ping_status":"closed","template":"","meta":{"_crdt_document":"","footnotes":""},"class_list":["post-21970","page","type-page","status-publish","has-post-thumbnail","hentry"],"_links":{"self":[{"href":"https:\/\/huberpower.com\/wordpress\/index.php?rest_route=\/wp\/v2\/pages\/21970","targetHints":{"allow":["GET"]}}],"collection":[{"href":"https:\/\/huberpower.com\/wordpress\/index.php?rest_route=\/wp\/v2\/pages"}],"about":[{"href":"https:\/\/huberpower.com\/wordpress\/index.php?rest_route=\/wp\/v2\/types\/page"}],"author":[{"embeddable":true,"href":"https:\/\/huberpower.com\/wordpress\/index.php?rest_route=\/wp\/v2\/users\/4"}],"replies":[{"embeddable":true,"href":"https:\/\/huberpower.com\/wordpress\/index.php?rest_route=%2Fwp%2Fv2%2Fcomments&post=21970"}],"version-history":[{"count":6,"href":"https:\/\/huberpower.com\/wordpress\/index.php?rest_route=\/wp\/v2\/pages\/21970\/revisions"}],"predecessor-version":[{"id":35942,"href":"https:\/\/huberpower.com\/wordpress\/index.php?rest_route=\/wp\/v2\/pages\/21970\/revisions\/35942"}],"wp:featuredmedia":[{"embeddable":true,"href":"https:\/\/huberpower.com\/wordpress\/index.php?rest_route=\/wp\/v2\/media\/22039"}],"wp:attachment":[{"href":"https:\/\/huberpower.com\/wordpress\/index.php?rest_route=%2Fwp%2Fv2%2Fmedia&parent=21970"}],"curies":[{"name":"wp","href":"https:\/\/api.w.org\/{rel}","templated":true}]}}