{"id":14506,"date":"2020-11-25T21:27:40","date_gmt":"2020-11-25T20:27:40","guid":{"rendered":"http:\/\/huberpower.com\/wordpress\/?page_id=14506"},"modified":"2024-03-25T14:37:42","modified_gmt":"2024-03-25T13:37:42","slug":"ehrenamtlich","status":"publish","type":"page","link":"https:\/\/huberpower.com\/wordpress\/?page_id=14506","title":{"rendered":"EHRENAMTLICH"},"content":{"rendered":"\n\n\n<p class=\"wp-block-paragraph\">Seit mehr als 100 Jahren k\u00fcmmern sich das <strong>&#8222;Fischereirevier Oberes Salzkammergut&#8220;<\/strong> um den Bestand der Salmoniden in den Gew\u00e4ssern des Salzkammergut. Jahr f\u00fcr Jahr sind viele freiwillige Helfer beim Elektrofischen, bei Reinigungsaktionen, bei der Fischereikontrolle bis hin zur Fischzucht und zum Fischbesatz mit lokalen Fischen an unseren Gew\u00e4ssern im Einsatz. Mit viel ehrenamtlichem Engagement werden laichreifen Rogner (Weibchen), die die Eier liefern, und die Milchner (M\u00e4nnchen) im Revier Bruthaus in Ebensee schonend abgestreift, so dass Eier und Samen gewonnen werden. Die befruchteten Eier werden anschlie\u00dfend zum Ausbr\u00fcten in speziellen Brutrinnen aufgelegt und die geschl\u00fcpften kleinen Fische sp\u00e4ter wieder in ihren Flie\u00dfgew\u00e4ssern ausgesetzt. So k\u00fcmmern sich viele Angler, Fischereischutzorgane (FSO) und Bewirtschafter fl\u00e4chendeckend in ganzen Salzkammergut mit gro\u00dfem Aufwand um den Bestand der Salmoniden Best\u00e4nde, wie \u00c4schen und Forellen.<\/p>\n\n\n\n\n\n<p class=\"wp-block-paragraph\">Die beteiligten Personen im Umfeld des Reviers Vorstandes vom <strong>Fischereirevier Oberes Salzkammergut<\/strong> (FROSKG)&nbsp;und der vom Revier aus beeideten Fischereischutz Organe ist es selbstverst\u00e4ndlich, in vielen Stunden und mit viel Engagement, ehrenamtlichen und unentgeltlich t\u00e4tig zu sein. Wir sind kein Verein, sondern der verl\u00e4ngerte Arm des O.\u00d6. Landesfischereiverbandes und \u00fcben unsere Funktion ehrenamtlich lt. O\u00d6. Fischereigesetz \u00a7 34 aus. <\/p>\n\n\n\n<figure class=\"wp-block-image size-full is-resized\"><img loading=\"lazy\" decoding=\"async\" width=\"280\" height=\"92\" src=\"https:\/\/huberpower.com\/wordpress\/wp-content\/uploads\/2023\/04\/image-42.png\" alt=\"\" class=\"wp-image-25131\" style=\"width:840px;height:276px\"\/><figcaption class=\"wp-element-caption\">https:\/\/www.treffpunkt-ehrenamt.at\/<\/figcaption><\/figure>\n\n\n\n<p class=\"wp-block-paragraph\">Einnahmen aus der Fischereiumlage, der Verkauf von Lizenz B\u00fccher und erbrachte T\u00e4tigkeiten, wie Elektrobefischungen, Notabfischungen, sowie vom FROSKG&nbsp;gezogene Fische und Fischbesatz, wird auch vom FROSKG&nbsp;zur Verrechnung an die Verursacher und Nutzer gebracht.<\/p>\n\n\n\n\n\n<p class=\"wp-block-paragraph\">Dh. solche Einnahmen&nbsp;f\u00fcr das FROSKG werden im Kassenbericht ausgewiesen. Die daraus resultierenden Einnahmen werden zur Finanzierung von Projekten lt.\u00a7 33, neben den uns nach dem O\u00d6. Fischereigesetz zugewiesenen Aufgaben, die sich auf unseren \u00f6rtlichen Wirkungsbereich im Fischereirevier beziehen verwendet. Dh. damit werden Equipment f\u00fcr die Elektrofischerei, Zubeh\u00f6r f\u00fcr das Brut Haus, Fischtransport und Projekte&nbsp;zur Verbesserung und Wiederherstellung der Lebensgrundlage und Lebensr\u00e4ume unserer Wassertiere finanziert.<\/p>\n\n\n\n\n\n<figure class=\"wp-block-embed is-type-wp-embed is-provider-fischereimanagement-salzkammergut wp-block-embed-fischereimanagement-salzkammergut\"><div class=\"wp-block-embed__wrapper\">\n<blockquote class=\"wp-embedded-content\" data-secret=\"f0lKgtFVKY\"><a href=\"https:\/\/huberpower.com\/wordpress\/?page_id=21364\">ENGAGEMENT<\/a><\/blockquote><iframe loading=\"lazy\" class=\"wp-embedded-content\" sandbox=\"allow-scripts\" security=\"restricted\" style=\"position: absolute; clip: rect(1px, 1px, 1px, 1px);\" title=\"&#8222;ENGAGEMENT&#8220; &#8212; Fischereimanagement Salzkammergut\" src=\"https:\/\/huberpower.com\/wordpress\/?page_id=21364&#038;embed=true#?secret=L8nv8O6VgA#?secret=f0lKgtFVKY\" data-secret=\"f0lKgtFVKY\" width=\"600\" height=\"338\" frameborder=\"0\" marginwidth=\"0\" marginheight=\"0\" scrolling=\"no\"><\/iframe>\n<\/div><\/figure>\n\n\n\n<p style=\"text-align: center;\"><span style=\"color: #99cc00;\"><strong>&#8222;Zusammenkommen ist ein Anfang, zusammenbleiben ist ein Fortschritt, zusammenarbeiten ist ein echter Erfolg.&#8220;<\/strong><\/span><\/p><p style=\"text-align: center;\"><\/p><p style=\"text-align: center;\">Zitat: Henry Ford<\/p>\n<p style=\"text-align: center;\"><\/p>\n&nbsp;\n","protected":false},"excerpt":{"rendered":"<p>Seit mehr als 100 Jahren k\u00fcmmern sich das &#8222;Fischereirevier Oberes Salzkammergut&#8220; um den Bestand der Salmoniden in den Gew\u00e4ssern des Salzkammergut. Jahr f\u00fcr Jahr sind viele freiwillige Helfer beim Elektrofischen,&#8230; <a class=\"read-more\" href=\"https:\/\/huberpower.com\/wordpress\/?page_id=14506\">[Weiterlesen]<\/a><\/p>\n","protected":false},"author":4,"featured_media":0,"parent":0,"menu_order":0,"comment_status":"closed","ping_status":"closed","template":"","meta":{"_crdt_document":"","footnotes":""},"class_list":["post-14506","page","type-page","status-publish","hentry","no-post-thumbnail"],"_links":{"self":[{"href":"https:\/\/huberpower.com\/wordpress\/index.php?rest_route=\/wp\/v2\/pages\/14506","targetHints":{"allow":["GET"]}}],"collection":[{"href":"https:\/\/huberpower.com\/wordpress\/index.php?rest_route=\/wp\/v2\/pages"}],"about":[{"href":"https:\/\/huberpower.com\/wordpress\/index.php?rest_route=\/wp\/v2\/types\/page"}],"author":[{"embeddable":true,"href":"https:\/\/huberpower.com\/wordpress\/index.php?rest_route=\/wp\/v2\/users\/4"}],"replies":[{"embeddable":true,"href":"https:\/\/huberpower.com\/wordpress\/index.php?rest_route=%2Fwp%2Fv2%2Fcomments&post=14506"}],"version-history":[{"count":9,"href":"https:\/\/huberpower.com\/wordpress\/index.php?rest_route=\/wp\/v2\/pages\/14506\/revisions"}],"predecessor-version":[{"id":31581,"href":"https:\/\/huberpower.com\/wordpress\/index.php?rest_route=\/wp\/v2\/pages\/14506\/revisions\/31581"}],"wp:attachment":[{"href":"https:\/\/huberpower.com\/wordpress\/index.php?rest_route=%2Fwp%2Fv2%2Fmedia&parent=14506"}],"curies":[{"name":"wp","href":"https:\/\/api.w.org\/{rel}","templated":true}]}}