{"id":14488,"date":"2020-11-22T10:40:11","date_gmt":"2020-11-22T09:40:11","guid":{"rendered":"http:\/\/huberpower.com\/wordpress\/?page_id=14488"},"modified":"2024-07-08T10:31:27","modified_gmt":"2024-07-08T08:31:27","slug":"froskg","status":"publish","type":"page","link":"https:\/\/huberpower.com\/wordpress\/?page_id=14488","title":{"rendered":"FROSKG"},"content":{"rendered":"\n<figure class=\"wp-block-image size-large\"><img loading=\"lazy\" decoding=\"async\" width=\"1024\" height=\"598\" src=\"https:\/\/huberpower.com\/wordpress\/wp-content\/uploads\/2024\/07\/Fischereirevier-Logo-RGB-1024x598.jpg\" alt=\"\" class=\"wp-image-32481\" srcset=\"https:\/\/huberpower.com\/wordpress\/wp-content\/uploads\/2024\/07\/Fischereirevier-Logo-RGB-1024x598.jpg 1024w, https:\/\/huberpower.com\/wordpress\/wp-content\/uploads\/2024\/07\/Fischereirevier-Logo-RGB-450x263.jpg 450w, https:\/\/huberpower.com\/wordpress\/wp-content\/uploads\/2024\/07\/Fischereirevier-Logo-RGB.jpg 1506w\" sizes=\"auto, (max-width: 1024px) 100vw, 1024px\" \/><\/figure>\n\n\n\n<p class=\"wp-block-paragraph\">Hier finden sich alle wichtigen Informationen \u00fcber das &#8222;Fischereirevier Oberes Salzkammergut&#8220; (FROSKG).<br \/><br \/>Der O.\u00d6. Landesfischereiverband ist eine <strong>K\u00f6rperschaft \u00f6ffentlichen Rechts<\/strong> (Rechtsgrundlage lt. O.\u00d6. Fischereigesetzt). Der O.\u00d6. Landesfischereiverband gliedert sich in Fischereireviere, deren Bereich durch Verordnungen der Landesregierung bestimmt wird. Das <strong>Fischereirevier Oberes Salzkammergut <\/strong>ist eine regionale Untergliederung des O.\u00d6. Landesfischereiverbandes, deren Gesch\u00e4fte durch den Obmann und den Gesch\u00e4ftsf\u00fchrer durchgef\u00fchrt werden. <\/p>\n\n\n\n\n\n<h2 class=\"wp-block-heading\">Gesch\u00e4ftsadresse&nbsp;<\/h2>\n\n\n\n<p class=\"wp-block-paragraph\"><strong><mark style=\"background-color:rgba(0, 0, 0, 0)\" class=\"has-inline-color has-luminous-vivid-orange-color\">Fischereirevier Oberes Salzkammergut<\/mark><\/strong> (FROSKG) <br \/>Schwaigerweg 22a; A-4802 Ebensee<br \/>Revier-Mail: <a href=\"mailto:fischereirevier.salzkammergut@gmail.com\">fischereirevier.salzkammergut@gmail.com<\/a>; <br \/>WEB LFVO\u00d6: <a href=\"https:\/\/www.lfvooe.at\/reviere-und-gewaesser\/oberes-salzkammergut\/\">https:\/\/www.lfvooe.at\/reviere-und-gewaesser\/oberes-salzkammergut\/<\/a><\/p>\n\n\n\n<h2 class=\"wp-block-heading\">Bankverbindung<\/h2>\n\n\n\n<p class=\"wp-block-paragraph\">Sparkasse Salzkammergut &#8211; Gesch\u00e4ftsstelle Bad Goisern IBAN: AT19 2031 4000 0000 3657<\/p>\n\n\n\n<h2 class=\"wp-block-heading\">Aufgaben im &#8222;Fischereirevier Oberes Salzkammergut&#8220; (FROSKG)<\/h2>\n\n\n\n<p class=\"wp-block-paragraph\">Das Landesfischereigesetz legt uns Anglern und Gew\u00e4sser-Bewirtschaftern eine hohe Verantwortung auf, denn es verbindet das Recht zur Aus\u00fcbung der Fischerei mit der Pflicht zur Hege, die insbesondere den Aufbau und Erhalt eines artenreichen, heimischen und gesunden Fischbestandes und die Schonung und den Schutz der Gew\u00e4sserfauna und \u2013flora in und am Gew\u00e4sser umfasst.<\/p>\n\n\n\n<p class=\"wp-block-paragraph\">Die Analyse unserer Fisch-Best\u00e4nde, die die Grundlage f\u00fcr die Hege darstellt, ist bezogen auf eine Vielzahl an Seen, B\u00e4chen und \u00fcber viele Flusskilometer der Oberen Traun das Hauptanliegen vom FROSKG. Bewirtschafter stellen f\u00fcr die Untersuchungen jene Gew\u00e4sser zur Verf\u00fcgung, an denen sie das Fischereirecht aus\u00fcben. Bewirtschafter bezahlen j\u00e4hrlich eine Fischereiumlage, aus der die Fischbestands-Analysen und Besatzma\u00dfnahmen, soweit erforderlich finanziert werden, wie z.B.: die Kosten f\u00fcr DNA-Untersuchung unserer \u00c4schen Best\u00e4nde, Fischbestandehebungen oder Sachverst\u00e4ndigen Gutachten ect.   und deren Ver\u00f6ffentlichung. Und schlie\u00dflich sind es die Angler, Vereine und Bewirtschafter die aufgrund der gesetzlichen Hegepflicht, vor allem aber auch aus Freude an einer Natur mit fischreichen Gew\u00e4ssern im ehrenamtlichen Einsatz wahrhaften Umweltschutz betreiben und damit die Sicherung heimischer und die R\u00fcckkehr einst heimischer Fische- und Krebsarten, aber auch anderer Tier und Pflanzenarten erm\u00f6glichten. Die Angler, Bewirtschafter und die Fischereischutzorgane im Salzkammergut zeigen damit sehr deutlich, dass sie sich ihrer Verantwortung gegen\u00fcber der Natur bewusst sind und sie ernst nehmen. <strong><mark style=\"background-color:rgba(0, 0, 0, 0)\" class=\"has-inline-color has-luminous-vivid-orange-color\">Wie ausnahmslos jeder andere Mensch auch sind die Angler Naturnutzer, aber sie sind dar\u00fcber hinaus auch Sch\u00fctzer, die mit ihrem herausragenden ehrenamtlichen Engagement, ihrem Idealismus und besonders auch ihrer guten Sachkenntnis au\u00dferordentliche Leistungen zum Wohle der Natur erbringen.<\/mark><\/strong> <\/p>\n\n\n\n<p class=\"wp-block-paragraph\"><strong>Ich w\u00fcnsche mir sehr, dass Fischschutz und Gew\u00e4sserschutz in der \u00d6ffentlichkeit, insbesondere aber auch in Politik und Verwaltung, k\u00fcnftig noch besser und vor allem ideologiefrei wahrgenommen werden. Es darf keine Wertigkeit zwischen sch\u00fctzenswerten Arten geben. So ist der Fischschutz von gleicher Bedeutung und Wichtigkeit wie etwa der Vogelschutz. Auch im Sinne dieser selbstverst\u00e4ndlichen Feststellung werden wir uns im FROSKG unter den gesetzlichen Rahmenbedingungen best m\u00f6glich dieser Aufgabe stellen.<\/strong><\/p>\n\n\n\n<h2 class=\"wp-block-heading\">Aufsichtsbeh\u00f6rdliche Genehmigung durch das Amt der O.\u00d6. Landesregierung<\/h2>\n\n\n\n<p class=\"wp-block-paragraph\">Die aufsichtsbeh\u00f6rdliche Genehmigung der Wahlen des <a href=\"https:\/\/huberpower.com\/wordpress\/?page_id=14597\" target=\"_blank\" rel=\"noreferrer noopener\">Fischereireviervorstand<\/a>es erfolgte durch das Amt der O.\u00d6. Landesregierung <strong><mark style=\"background-color:rgba(0, 0, 0, 0)\" class=\"has-inline-color has-luminous-vivid-orange-color\">am 8. M\u00e4rz 2018<\/mark><\/strong>, GZ LFW-2018-74236\/2-Ram und Rechtsgrundlage lt. <a href=\"https:\/\/www.ris.bka.gv.at\/GeltendeFassung.wxe?Abfrage=LrOO&amp;Gesetzesnummer=20001078\" target=\"_blank\" rel=\"noreferrer noopener\">O.\u00d6. Fischereigesetz <\/a>auf Grundlage folgender Paragraphen:  <\/p>\n\n\n\n<h2 class=\"wp-block-heading\">\u00a7 34 Organe des O\u00d6. Landesfischereiverbands<\/h2>\n\n\n\n<p class=\"wp-block-paragraph\">(1) Die Organe des O\u00f6. Landesfischereiverbands sind<\/p>\n\n\n\n<ol class=\"wp-block-list\">\n<li>der Landesfischereirat,<\/li>\n\n\n\n<li>der Vorstand,<\/li>\n\n\n\n<li>die bzw. der Vorsitzende des Landesfischereirats (Landesfischermeisterin bzw. Landesfischermeister),<\/li>\n\n\n\n<li>die Fischereireviervollversammlungen,<\/li>\n\n\n\n<li><strong>die Fischereireviervorst\u00e4nde,<\/strong><\/li>\n\n\n\n<li><strong>die Fischereirevierobfrauen bzw. die Fischereirevierobm\u00e4nner.<\/strong><br \/>(2) Die Mitglieder des Landesfischereirats, des Vorstands und die Landesfischermeisterin bzw. der Landesfischermeister \u00fcben ihre Funktion ehrenamtlich aus. Die Kosten f\u00fcr allf\u00e4llige Aufwandsentsch\u00e4digungen tr\u00e4gt der O\u00f6. Landesfischereiverband.<br \/>(3) Den Mitgliedern der Kollegialorgane, denen eine Aufwandsentsch\u00e4digung nicht zukommt, geb\u00fchrt der Ersatz der mit ihrer T\u00e4tigkeit verbundenen Barauslagen sowie der Ersatz des tats\u00e4chlich entgangenen Arbeitsverdienstes, die \u00fcber Beschluss des Landesfischereirats auch in Form eines angemessenen Pauschbetrags f\u00fcr die Teilnahme an einer Sitzung des jeweiligen Kollegialorgans gew\u00e4hrt werden k\u00f6nnen.<br \/>(4) Zur Besorgung der laufenden Gesch\u00e4fte des O\u00f6. Landesfischereiverbands kann eine Gesch\u00e4ftsstelle unter der Leitung einer Gesch\u00e4ftsf\u00fchrerin bzw. eines Gesch\u00e4ftsf\u00fchrers eingerichtet werden; zur Gesch\u00e4ftsf\u00fchrerin bzw. zum Gesch\u00e4ftsf\u00fchrer darf nur eine Person bestellt werden, die in fachlichen, wirtschaftlichen und rechtlichen Belangen \u00fcber die erforderlichen Kenntnisse verf\u00fcgt. Die Gesch\u00e4ftsstelle und deren Gesch\u00e4ftsf\u00fchrerin bzw. Gesch\u00e4ftsf\u00fchrer unterstehen der Landesfischermeisterin bzw. dem Landesfischermeister. Die Funktion als Landesfischermeisterin bzw. Landesfischermeister ist mit der gleichzeitigen Bestellung als Gesch\u00e4ftsf\u00fchrerin bzw. Gesch\u00e4ftsf\u00fchrer der Gesch\u00e4ftsstelle unvereinbar.<\/li>\n<\/ol>\n\n\n\n<h2 class=\"wp-block-heading\">\u00a7 35 Landesfischereirat<\/h2>\n\n\n\n<p class=\"wp-block-paragraph\">(1) Der Landesfischereirat besteht aus:<\/p>\n\n\n\n<ol class=\"wp-block-list\">\n<li><strong>den Fischereirevierobfrauen bzw. den Fischereirevierobm\u00e4nnern;<\/strong><\/li>\n\n\n\n<li>zwei von der Landwirtschaftskammer f\u00fcr Ober\u00f6sterreich zu entsendenden Personen aus dem Kreis der Inhaberinnen bzw. der Inhaber eines Fischzuchtbetriebs;<\/li>\n\n\n\n<li>je einer Vertreterin bzw. einem Vertreter von sechs Vereinen, deren Vereinsziel die F\u00f6rderung der Fischereiwirtschaft bzw. die weidgerechte Aus\u00fcbung der Fischerei ist, wobei nach M\u00f6glichkeit einer dieser Vereine nicht Bewirtschafter sein soll.<br \/>(2) Zur Namhaftmachung von Vertreterinnen bzw. Vertretern gem\u00e4\u00df Abs. 1 Z 3 sind Vereine heranzuziehen, die nach Zusammensetzung und Mitgliederzahl eine repr\u00e4sentative Interessenvertretung darstellen. Die Namhaftmachung der Vertreterinnen bzw. Vertreter erfolgt auf Ersuchen der Landesregierung; ein Anspruch auf Vertretung im Landesfischereirat besteht jedoch nicht.<br \/>(3) Dem Landesfischereirat obliegt neben den ihm sonst in diesem Landesgesetz \u00fcbertragenen Aufgaben:<\/li>\n\n\n\n<li>die Genehmigung des T\u00e4tigkeitsberichts der Landesfischermeisterin bzw. des Landesfischermeisters und des Vorstands;<\/li>\n\n\n\n<li>die Genehmigung des Haushaltsvoranschlags und des Rechnungsabschlusses;<\/li>\n\n\n\n<li>die Bestellung von Rechnungspr\u00fcferinnen bzw. -pr\u00fcfern und die Entgegennahme des Pr\u00fcfungsberichts;<\/li>\n\n\n\n<li>die Einrichtung einer Gesch\u00e4ftsstelle und die Festlegung grunds\u00e4tzlicher Richtlinien hinsichtlich ihres Umfangs sowie ihrer personellen und sachlichen Ausstattung;<\/li>\n\n\n\n<li>die Festsetzung der H\u00f6he der Revierumlage, der o\u00f6. Jahresfischerkartenabgabe und der o\u00f6. Gastfischerkartenabgabe und der Geb\u00fchren gem\u00e4\u00df \u00a7 42 Z 3;<\/li>\n\n\n\n<li>die Ernennung von Ehrenmitgliedern sowie die Ehrung verdienter Mitglieder;<\/li>\n\n\n\n<li>die Beschlussfassung in Angelegenheiten, die ihm wegen ihrer grunds\u00e4tzlichen Bedeutung f\u00fcr die Fischerei von der Landesfischermeisterin bzw. vom Landesfischermeister oder vom Vorstand zur Entscheidung vorgelegt werden.<br \/>(4) Der Landesfischereirat hat mindestens einmal im Jahr zu einer ordentlichen Sitzung zusammenzutreten.<\/li>\n<\/ol>\n\n\n\n<h2 class=\"wp-block-heading\">\u00a7 38 Gesch\u00e4ftsf\u00fchrung der Fischereireviere<\/h2>\n\n\n\n<p class=\"wp-block-paragraph\"><br \/>(1) Die Gesch\u00e4fte des Fischereireviers besorgen die Fischereireviervollversammlung, der Fischereireviervorstand und die Fischereirevierobfrau bzw. der Fischereirevierobmann.<br \/>(2) Die Fischereireviervollversammlung besteht aus jenen ordentlichen Mitgliedern des O\u00f6. Landesfischereiverbands, die Bewirtschafterinnen bzw. Bewirtschafter eines im Bereich des Fischereireviers gelegenen Fischwassers sind.<br \/>(3) Der Fischereireviervorstand besteht aus der Fischereirevierobfrau bzw. dem Fischereirevierobmann, deren bzw. dessen Stellvertreterin bzw. Stellvertreter und drei weiteren Mitgliedern. Mindestens ein Mitglied muss eine Vertreterin bzw. ein Vertreter eines Vereins sein, dessen Vereinsziel die F\u00f6rderung der Fischereiwirtschaft bzw. die weidgerechte Aus\u00fcbung der Fischerei ist, wenn zumindest ein solcher Verein Bewirtschafter gem\u00e4\u00df Abs. 2 ist. Ein Mitglied des Fischereireviervorstands ist von diesem mit der F\u00fchrung der laufenden Gesch\u00e4fte zu betrauen.<br \/>(4) Die Fischereirevierobfrau bzw. der Fischereirevierobmann, deren bzw. dessen Stellvertreterin bzw. Stellvertreter und die weiteren Mitglieder des Fischereireviervorstands sind von der Fischereireviervollversammlung mit einfacher Stimmenmehrheit zu w\u00e4hlen. Den Bewirtschafterinnen bzw. den Bewirtschaftern kommt dabei ungeachtet der Anzahl der von ihnen im Fischereirevier bewirtschafteten Fischereirechte jeweils nur eine Stimme zu.<\/p>\n\n\n\n<figure class=\"wp-block-image size-full is-resized\"><img loading=\"lazy\" decoding=\"async\" width=\"728\" height=\"400\" src=\"https:\/\/huberpower.com\/wordpress\/wp-content\/uploads\/2018\/11\/EFISCHEN-KALTENBACH-NOV18.jpg\" alt=\"\" class=\"wp-image-8948\" style=\"width:838px;height:460px\" srcset=\"https:\/\/huberpower.com\/wordpress\/wp-content\/uploads\/2018\/11\/EFISCHEN-KALTENBACH-NOV18.jpg 728w, https:\/\/huberpower.com\/wordpress\/wp-content\/uploads\/2018\/11\/EFISCHEN-KALTENBACH-NOV18-450x247.jpg 450w, https:\/\/huberpower.com\/wordpress\/wp-content\/uploads\/2018\/11\/EFISCHEN-KALTENBACH-NOV18-680x374.jpg 680w\" sizes=\"auto, (max-width: 728px) 100vw, 728px\" \/><figcaption class=\"wp-element-caption\">Baustellen Abfischung Kaltenbach. (FSO G\u00fcnther Ritzberger und Poolf\u00fchrer Harald Eidinger)<\/figcaption><\/figure>\n\n\n\n<h2 class=\"wp-block-heading\">\u00a7 39 Aufgaben der Organe der Fischereireviere<\/h2>\n\n\n\n<p class=\"wp-block-paragraph\">(1) Der Fischereireviervollversammlung obliegt neben den ihr sonst in diesem Landesgesetz \u00fcbertragenen Aufgaben:<\/p>\n\n\n\n<ol class=\"wp-block-list\">\n<li>die Genehmigung des T\u00e4tigkeitsberichts der Fischereirevierobfrau bzw. des Fischereirevierobmanns und des Fischereireviervorstands;<\/li>\n\n\n\n<li>die Beschlussfassung in Angelegenheiten, die ihr wegen ihrer grunds\u00e4tzlichen Bedeutung f\u00fcr das Fischereirevier von der Fischereirevierobfrau bzw. vom Fischereirevierobmann oder vom Fischereireviervorstand zur Entscheidung vorgelegt werden.<\/li>\n<\/ol>\n\n\n\n<p class=\"wp-block-paragraph\"><strong><mark style=\"background-color:rgba(0, 0, 0, 0)\" class=\"has-inline-color has-vivid-green-cyan-color\">2) Der Fischereireviervorstand hat jene dem O\u00f6. Landesfischereiverband obliegenden Aufgaben zu besorgen, die sich lediglich auf den \u00f6rtlichen Bereich des Fischereireviers beziehen und weder von der Fischereireviervollversammlung noch von der Fischereirevierobfrau bzw. vom Fischereirevierobmann zu besorgen sind. Im Rahmen der nach \u00a7 45 Abs. 2 vom O\u00f6. Landesfischereiverband zu besorgenden beh\u00f6rdlichen Aufgaben obliegen dem Fischereireviervorstand die Aufgaben nach \u00a7 10 Abs. 3 und 4.<br \/>(3) Die Fischereirevierobfrau bzw. der Fischereirevierobmann f\u00fchrt den Vorsitz in der Fischereireviervollversammlung und im Fischereireviervorstand und hat die Beschl\u00fcsse dieser Organe zu vollziehen. Sie bzw. er hat die Fischereireviervollversammlung wenigstens einmal im Jahr und den Fischereireviervorstand je nach Bedarf, mindestens jedoch zweimal im Jahr einzuberufen.<br \/>(4) Rechtswirksam gefasste Beschl\u00fcsse der Fischereireviervollversammlung und des Fischereireviervorstands sind f\u00fcr alle vom jeweiligen Beschluss erfassten Bewirtschafterinnen bzw. Bewirtschafter verbindlich.<\/mark><\/strong><\/p>\n\n\n\n<figure class=\"wp-block-image size-full\"><img loading=\"lazy\" decoding=\"async\" width=\"1024\" height=\"297\" src=\"https:\/\/huberpower.com\/wordpress\/wp-content\/uploads\/2022\/08\/image-10.png\" alt=\"\" class=\"wp-image-22319\" srcset=\"https:\/\/huberpower.com\/wordpress\/wp-content\/uploads\/2022\/08\/image-10.png 1024w, https:\/\/huberpower.com\/wordpress\/wp-content\/uploads\/2022\/08\/image-10-450x131.png 450w\" sizes=\"auto, (max-width: 1024px) 100vw, 1024px\" \/><figcaption class=\"wp-element-caption\">&#8222;Lebensraumverbesserungen und Regulierung der Befischung vor Fischbesatz&#8220;. Die Aufwertungen der Lebensr\u00e4ume sind zur Erh\u00f6hung der Fischbest\u00e4nde langfristig erfolgversprechender als Fischbesatz. Denn Fischbesatz bek\u00e4mpft in der Regel nur die Symptome der Fischbestandsr\u00fcckg\u00e4nge, nicht die Ursachen. Die Revierarbeit hat viele Aspekte. Wir freuen uns, wenn sich interessierte bei uns melden, um uns bei dieser ehrenamtlichen Aufgabe, zum Wohle unserer Gew\u00e4sser, seiner Lebewesen und der Fischerei zu helfen.   <\/figcaption><\/figure>\n\n\n\n<h2 class=\"wp-block-heading\">\u00a7 33 Aufgaben<\/h2>\n\n\n\n<p class=\"wp-block-paragraph\">(1) Dem O\u00f6. Landesfischereiverband obliegt neben den ihm nach diesem Landesgesetz sonst zugewiesenen Aufgaben die nachhaltige F\u00f6rderung der Fischerei in allen ihren Zweigen. Im Rahmen dieser Aufgaben obliegt ihm insbesondere:<\/p>\n\n\n\n<ol class=\"wp-block-list\">\n<li><strong><mark style=\"background-color:rgba(0, 0, 0, 0)\" class=\"has-inline-color has-luminous-vivid-orange-color\">Ma\u00dfnahmen zu treffen und Einrichtungen zu schaffen, die der F\u00f6rderung der Fischerei und der Fischhege dienen;<\/mark><\/strong><\/li>\n\n\n\n<li>die fachliche Information und Ausbildung seiner Mitglieder, der Fischerinnen bzw. der Fischer sowie der Fischereischutzorgane (\u00a7 21) zu f\u00f6rdern; insbesondere sind f\u00fcr die Bewirtschafterinnen bzw. Bewirtschafter sowie f\u00fcr Fischereischutzorgane Aus- bzw. Fortbildungskurse zu organisieren. \u00dcber den Besuch dieser Kurse sind Teilnehmerlisten zu f\u00fchren, welche auf Verlangen der Beh\u00f6rde vorzulegen sind;<\/li>\n\n\n\n<li>die Unterweisung und Pr\u00fcfung zum Erwerb der fischereilichen Eignung durchzuf\u00fchren und eine Liste geeigneter Pr\u00fcferinnen bzw. Pr\u00fcfer zu f\u00fchren, die auf Verlangen der Landesregierung vorzulegen ist;<\/li>\n\n\n\n<li><strong><mark style=\"background-color:rgba(0, 0, 0, 0)\" class=\"has-inline-color has-luminous-vivid-orange-color\">die Erhaltung, Verbesserung und Wiederherstellung der Lebensgrundlagen und Lebensr\u00e4ume der Wassertiere zu f\u00f6rdern;<\/mark><\/strong><\/li>\n\n\n\n<li>\u00d6ffentlichkeitsarbeit zu betreiben und fachliche Veranstaltungen abzuhalten;<\/li>\n\n\n\n<li>der Landesregierung Vorschl\u00e4ge \u00fcber die Verwendung allf\u00e4lliger f\u00fcr die Fischerei vorgesehener F\u00f6rderungsmittel zu erstatten;<\/li>\n\n\n\n<li>den Beh\u00f6rden Anregungen zu geben und \u00fcber beh\u00f6rdliche Aufforderung Gutachten zu erstatten;<\/li>\n\n\n\n<li><strong><mark style=\"background-color:rgba(0, 0, 0, 0)\" class=\"has-inline-color has-luminous-vivid-orange-color\">statistische Aufzeichnungen \u00fcber die Fischerei zu f\u00fchren;<\/mark><\/strong><\/li>\n\n\n\n<li>die F\u00fchrung des Verzeichnisses \u00fcber die Fischereischutzorgane (\u00a7 21 Abs. 3);<\/li>\n\n\n\n<li><strong><mark style=\"background-color:rgba(0, 0, 0, 0)\" class=\"has-inline-color has-luminous-vivid-orange-color\">die Antragstellung zur Erkl\u00e4rung von Laichschonst\u00e4tten gem\u00e4\u00df \u00a7 15 Abs. 2 Wasserrechtsgesetz 1959, BGBl. Nr. 215\/1959, in der Fassung des Bundesgesetzes BGBl. I Nr. 73\/2018.<\/mark><\/strong><\/li>\n<\/ol>\n\n\n\n<p class=\"wp-block-paragraph\"><strong><mark style=\"background-color:rgba(0, 0, 0, 0)\" class=\"has-inline-color has-luminous-vivid-orange-color\">Den Fischereirevieren obliegt es, neben den ihnen nach diesem Landesgesetz sonst zugewiesenen Aufgaben jene Aufgaben des O\u00f6. Landesfischereiverbands zu besorgen, die sich lediglich auf ihren \u00f6rtlichen Wirkungsbereich beziehen.<\/mark><\/strong><\/p>\n\n\n\n<h2 class=\"wp-block-heading\">Weitere Informationen:<\/h2>\n\n\n\n<p class=\"wp-block-paragraph\"><a href=\"https:\/\/www.ris.bka.gv.at\/GeltendeFassung.wxe?Abfrage=LrOO&amp;Gesetzesnummer=20001078\" data-type=\"URL\" data-id=\"https:\/\/www.ris.bka.gv.at\/GeltendeFassung.wxe?Abfrage=LrOO&amp;Gesetzesnummer=20001078\" target=\"_blank\" rel=\"noreferrer noopener\">O.\u00d6. Fischereigesetz<\/a><\/p>\n\n\n\n<figure class=\"wp-block-image size-large is-resized\"><img loading=\"lazy\" decoding=\"async\" width=\"1024\" height=\"502\" src=\"https:\/\/huberpower.com\/wordpress\/wp-content\/uploads\/2021\/09\/image-6-1024x502.png\" alt=\"Heimo_EFischen Ischl\" class=\"wp-image-17220\" style=\"width:843px;height:412px\" srcset=\"https:\/\/huberpower.com\/wordpress\/wp-content\/uploads\/2021\/09\/image-6-1024x502.png 1024w, https:\/\/huberpower.com\/wordpress\/wp-content\/uploads\/2021\/09\/image-6-450x221.png 450w, https:\/\/huberpower.com\/wordpress\/wp-content\/uploads\/2021\/09\/image-6-1536x753.png 1536w, https:\/\/huberpower.com\/wordpress\/wp-content\/uploads\/2021\/09\/image-6.png 1586w\" sizes=\"auto, (max-width: 1024px) 100vw, 1024px\" \/><figcaption class=\"wp-element-caption\">Bei Bestandsaufnamen bekommt man ein Bild vom Zustand eines Gew\u00e4sser. <\/figcaption><\/figure>\n\n\n\n<p style=\"text-align: center;\"><span style=\"color: #99cc00;\"><strong>&#8222;Meine Herausforderung ist, denn Fischen ihren Lebensraum zu retten!&#8220;<\/strong><\/span><\/p><p style=\"text-align: center;\"><ahref=\"https:\/\/huberpower.com\/wordpress\"><\/p>&nbsp;<p style=\"text-align: center;\"><span style=\"color: #99cc00;\"><\/span><\/p>\n","protected":false},"excerpt":{"rendered":"<p>Hier finden sich alle wichtigen Informationen \u00fcber das &#8222;Fischereirevier Oberes Salzkammergut&#8220; (FROSKG). Der O.\u00d6. Landesfischereiverband ist eine K\u00f6rperschaft \u00f6ffentlichen Rechts (Rechtsgrundlage lt. O.\u00d6. Fischereigesetzt). Der O.\u00d6. Landesfischereiverband gliedert sich in&#8230; <a class=\"read-more\" href=\"https:\/\/huberpower.com\/wordpress\/?page_id=14488\">[Weiterlesen]<\/a><\/p>\n","protected":false},"author":4,"featured_media":0,"parent":0,"menu_order":0,"comment_status":"closed","ping_status":"closed","template":"","meta":{"_crdt_document":"","footnotes":""},"class_list":["post-14488","page","type-page","status-publish","hentry","no-post-thumbnail"],"_links":{"self":[{"href":"https:\/\/huberpower.com\/wordpress\/index.php?rest_route=\/wp\/v2\/pages\/14488","targetHints":{"allow":["GET"]}}],"collection":[{"href":"https:\/\/huberpower.com\/wordpress\/index.php?rest_route=\/wp\/v2\/pages"}],"about":[{"href":"https:\/\/huberpower.com\/wordpress\/index.php?rest_route=\/wp\/v2\/types\/page"}],"author":[{"embeddable":true,"href":"https:\/\/huberpower.com\/wordpress\/index.php?rest_route=\/wp\/v2\/users\/4"}],"replies":[{"embeddable":true,"href":"https:\/\/huberpower.com\/wordpress\/index.php?rest_route=%2Fwp%2Fv2%2Fcomments&post=14488"}],"version-history":[{"count":6,"href":"https:\/\/huberpower.com\/wordpress\/index.php?rest_route=\/wp\/v2\/pages\/14488\/revisions"}],"predecessor-version":[{"id":32731,"href":"https:\/\/huberpower.com\/wordpress\/index.php?rest_route=\/wp\/v2\/pages\/14488\/revisions\/32731"}],"wp:attachment":[{"href":"https:\/\/huberpower.com\/wordpress\/index.php?rest_route=%2Fwp%2Fv2%2Fmedia&parent=14488"}],"curies":[{"name":"wp","href":"https:\/\/api.w.org\/{rel}","templated":true}]}}